{"id":9437,"date":"2024-09-17T20:10:26","date_gmt":"2024-09-17T18:10:26","guid":{"rendered":"https:\/\/pandita.mx\/?post_type=product&#038;p=9437"},"modified":"2024-09-17T20:13:25","modified_gmt":"2024-09-17T18:13:25","slug":"adriel-favela-mi-vida","status":"publish","type":"product","link":"https:\/\/pandita.mx\/index.php\/producto\/adriel-favela-mi-vida\/","title":{"rendered":"Adriel Favela Mi Vida"},"content":{"rendered":"<p>camiseta de Adriel Favela: &#8216;El Gato de Chihuahua&#8217;, &#8216;La \u00daltima Vez&#8217; y &#8216;Te Volver\u00e9 a Buscar&#8217; en cada dise\u00f1o. destaca con el mejor look urbano<\/p>\n","protected":false},"excerpt":{"rendered":"<p>camiseta de Adriel Favela: &#8216;El Gato de Chihuahua&#8217;, &#8216;La \u00daltima Vez&#8217; y &#8216;Te Volver\u00e9 a Buscar&#8217; en cada dise\u00f1o. destaca con el mejor look urbano<\/p>\n","protected":false},"featured_media":9104,"comment_status":"open","ping_status":"closed","template":"","meta":{"_et_pb_use_builder":"","_et_pb_old_content":"","_et_gb_content_width":""},"product_cat":[111],"product_tag":[],"class_list":{"0":"post-9437","1":"product","2":"type-product","3":"status-publish","4":"has-post-thumbnail","6":"product_cat-musica-mexico","7":"pa_color-blanco","8":"pa_color-negro","10":"first","11":"instock","12":"shipping-taxable","13":"purchasable","14":"product-type-variable"},"_links":{"self":[{"href":"https:\/\/pandita.mx\/index.php\/wp-json\/wp\/v2\/product\/9437","targetHints":{"allow":["GET"]}}],"collection":[{"href":"https:\/\/pandita.mx\/index.php\/wp-json\/wp\/v2\/product"}],"about":[{"href":"https:\/\/pandita.mx\/index.php\/wp-json\/wp\/v2\/types\/product"}],"replies":[{"embeddable":true,"href":"https:\/\/pandita.mx\/index.php\/wp-json\/wp\/v2\/comments?post=9437"}],"wp:featuredmedia":[{"embeddable":true,"href":"https:\/\/pandita.mx\/index.php\/wp-json\/wp\/v2\/media\/9104"}],"wp:attachment":[{"href":"https:\/\/pandita.mx\/index.php\/wp-json\/wp\/v2\/media?parent=9437"}],"wp:term":[{"taxonomy":"product_cat","embeddable":true,"href":"https:\/\/pandita.mx\/index.php\/wp-json\/wp\/v2\/product_cat?post=9437"},{"taxonomy":"product_tag","embeddable":true,"href":"https:\/\/pandita.mx\/index.php\/wp-json\/wp\/v2\/product_tag?post=9437"}],"curies":[{"name":"wp","href":"https:\/\/api.w.org\/{rel}","templated":true}]}}