{"id":9047,"date":"2024-09-10T07:05:29","date_gmt":"2024-09-10T05:05:29","guid":{"rendered":"https:\/\/pandita.mx\/?post_type=product&#038;p=9047"},"modified":"2024-09-17T18:17:20","modified_gmt":"2024-09-17T16:17:20","slug":"karol-g-kids","status":"publish","type":"product","link":"https:\/\/pandita.mx\/index.php\/producto\/karol-g-kids\/","title":{"rendered":"Karol G Kids"},"content":{"rendered":"<p>playeras inspiradas en Karol G. Desde los \u00e9xitos de &#8216;Tusa&#8217; y &#8216;Bichota&#8217; hasta su impactante estilo y energ\u00eda, nuestras camisetas celebran la reina del reguet\u00f3n<\/p>\n","protected":false},"excerpt":{"rendered":"<p>playeras inspiradas en Karol G. Desde los \u00e9xitos de &#8216;Tusa&#8217; y &#8216;Bichota&#8217; hasta su impactante estilo y energ\u00eda, nuestras camisetas celebran la reina del reguet\u00f3n<\/p>\n","protected":false},"featured_media":9013,"comment_status":"open","ping_status":"closed","template":"","meta":{"_et_pb_use_builder":"","_et_pb_old_content":"","_et_gb_content_width":""},"product_cat":[109],"product_tag":[],"class_list":{"0":"post-9047","1":"product","2":"type-product","3":"status-publish","4":"has-post-thumbnail","6":"product_cat-musica-pop","7":"pa_color-blanco","8":"pa_color-negro","10":"first","11":"instock","12":"shipping-taxable","13":"purchasable","14":"product-type-variable"},"_links":{"self":[{"href":"https:\/\/pandita.mx\/index.php\/wp-json\/wp\/v2\/product\/9047","targetHints":{"allow":["GET"]}}],"collection":[{"href":"https:\/\/pandita.mx\/index.php\/wp-json\/wp\/v2\/product"}],"about":[{"href":"https:\/\/pandita.mx\/index.php\/wp-json\/wp\/v2\/types\/product"}],"replies":[{"embeddable":true,"href":"https:\/\/pandita.mx\/index.php\/wp-json\/wp\/v2\/comments?post=9047"}],"wp:featuredmedia":[{"embeddable":true,"href":"https:\/\/pandita.mx\/index.php\/wp-json\/wp\/v2\/media\/9013"}],"wp:attachment":[{"href":"https:\/\/pandita.mx\/index.php\/wp-json\/wp\/v2\/media?parent=9047"}],"wp:term":[{"taxonomy":"product_cat","embeddable":true,"href":"https:\/\/pandita.mx\/index.php\/wp-json\/wp\/v2\/product_cat?post=9047"},{"taxonomy":"product_tag","embeddable":true,"href":"https:\/\/pandita.mx\/index.php\/wp-json\/wp\/v2\/product_tag?post=9047"}],"curies":[{"name":"wp","href":"https:\/\/api.w.org\/{rel}","templated":true}]}}