{"id":8229,"date":"2024-09-10T05:47:09","date_gmt":"2024-09-10T03:47:09","guid":{"rendered":"https:\/\/pandita.mx\/?post_type=product&#038;p=8229"},"modified":"2024-09-10T05:52:36","modified_gmt":"2024-09-10T03:52:36","slug":"50-cent","status":"publish","type":"product","link":"https:\/\/pandita.mx\/index.php\/producto\/50-cent\/","title":{"rendered":"50 Cent"},"content":{"rendered":"<p>nuestras playeras exclusivas. Inspiradas en sus \u00e9xitos m\u00e1s ic\u00f3nicos como <em>In Da Club<\/em>, <em>Candy Shop<\/em>, y <em>Many Men<\/em><\/p>\n","protected":false},"excerpt":{"rendered":"<p>nuestras playeras exclusivas. Inspiradas en sus \u00e9xitos m\u00e1s ic\u00f3nicos como In Da Club, Candy Shop, y Many Men<\/p>\n","protected":false},"featured_media":8037,"comment_status":"open","ping_status":"closed","template":"","meta":{"_et_pb_use_builder":"","_et_pb_old_content":"","_et_gb_content_width":""},"product_cat":[110],"product_tag":[],"class_list":{"0":"post-8229","1":"product","2":"type-product","3":"status-publish","4":"has-post-thumbnail","6":"product_cat-musica-hip-hop","7":"pa_color-blanco","8":"pa_color-negro","10":"first","11":"instock","12":"shipping-taxable","13":"purchasable","14":"product-type-variable"},"_links":{"self":[{"href":"https:\/\/pandita.mx\/index.php\/wp-json\/wp\/v2\/product\/8229","targetHints":{"allow":["GET"]}}],"collection":[{"href":"https:\/\/pandita.mx\/index.php\/wp-json\/wp\/v2\/product"}],"about":[{"href":"https:\/\/pandita.mx\/index.php\/wp-json\/wp\/v2\/types\/product"}],"replies":[{"embeddable":true,"href":"https:\/\/pandita.mx\/index.php\/wp-json\/wp\/v2\/comments?post=8229"}],"wp:featuredmedia":[{"embeddable":true,"href":"https:\/\/pandita.mx\/index.php\/wp-json\/wp\/v2\/media\/8037"}],"wp:attachment":[{"href":"https:\/\/pandita.mx\/index.php\/wp-json\/wp\/v2\/media?parent=8229"}],"wp:term":[{"taxonomy":"product_cat","embeddable":true,"href":"https:\/\/pandita.mx\/index.php\/wp-json\/wp\/v2\/product_cat?post=8229"},{"taxonomy":"product_tag","embeddable":true,"href":"https:\/\/pandita.mx\/index.php\/wp-json\/wp\/v2\/product_tag?post=8229"}],"curies":[{"name":"wp","href":"https:\/\/api.w.org\/{rel}","templated":true}]}}