{"id":818,"date":"2024-02-07T01:41:13","date_gmt":"2024-02-07T00:41:13","guid":{"rendered":"https:\/\/pandita.mx\/?post_type=product&#038;p=818"},"modified":"2024-02-07T01:41:14","modified_gmt":"2024-02-07T00:41:14","slug":"taylor-swift-super-bowl-kansas-city","status":"publish","type":"product","link":"https:\/\/pandita.mx\/index.php\/producto\/taylor-swift-super-bowl-kansas-city\/","title":{"rendered":"Taylor Swift Super Bowl Kansas City"},"content":{"rendered":"<p>Super Bowl LVIII Taylor Swift Kansas City nuestras playeras capturan la emoci\u00f3n del juego m\u00e1s importante del a\u00f1o. Kansas City vs San Francisco demuestra tu pasi\u00f3n por el f\u00fatbol americano y v\u00edstete como un campe\u00f3n con nuestra colecci\u00f3n exclusiva. \u00a1Elige tu dise\u00f1o favorito y prep\u00e1rate para vivir la emoci\u00f3n<\/p>\n","protected":false},"excerpt":{"rendered":"<p>Super Bowl LVIII Taylor Swift Kansas City nuestras playeras capturan la emoci\u00f3n del juego m\u00e1s importante del a\u00f1o. Kansas City vs San Francisco demuestra tu pasi\u00f3n por el f\u00fatbol americano y v\u00edstete como un campe\u00f3n con nuestra colecci\u00f3n exclusiva. \u00a1Elige tu dise\u00f1o favorito y prep\u00e1rate para vivir la emoci\u00f3n<\/p>\n","protected":false},"featured_media":791,"comment_status":"open","ping_status":"closed","template":"","meta":{"_et_pb_use_builder":"","_et_pb_old_content":"","_et_gb_content_width":""},"product_cat":[24,27],"product_tag":[],"class_list":{"0":"post-818","1":"product","2":"type-product","3":"status-publish","4":"has-post-thumbnail","6":"product_cat-nfl","7":"product_cat-semitono","9":"first","10":"instock","11":"shipping-taxable","12":"purchasable","13":"product-type-simple"},"_links":{"self":[{"href":"https:\/\/pandita.mx\/index.php\/wp-json\/wp\/v2\/product\/818","targetHints":{"allow":["GET"]}}],"collection":[{"href":"https:\/\/pandita.mx\/index.php\/wp-json\/wp\/v2\/product"}],"about":[{"href":"https:\/\/pandita.mx\/index.php\/wp-json\/wp\/v2\/types\/product"}],"replies":[{"embeddable":true,"href":"https:\/\/pandita.mx\/index.php\/wp-json\/wp\/v2\/comments?post=818"}],"wp:featuredmedia":[{"embeddable":true,"href":"https:\/\/pandita.mx\/index.php\/wp-json\/wp\/v2\/media\/791"}],"wp:attachment":[{"href":"https:\/\/pandita.mx\/index.php\/wp-json\/wp\/v2\/media?parent=818"}],"wp:term":[{"taxonomy":"product_cat","embeddable":true,"href":"https:\/\/pandita.mx\/index.php\/wp-json\/wp\/v2\/product_cat?post=818"},{"taxonomy":"product_tag","embeddable":true,"href":"https:\/\/pandita.mx\/index.php\/wp-json\/wp\/v2\/product_tag?post=818"}],"curies":[{"name":"wp","href":"https:\/\/api.w.org\/{rel}","templated":true}]}}