{"id":809,"date":"2024-02-07T01:17:50","date_gmt":"2024-02-07T00:17:50","guid":{"rendered":"https:\/\/pandita.mx\/?post_type=product&#038;p=809"},"modified":"2024-02-07T01:25:49","modified_gmt":"2024-02-07T00:25:49","slug":"charlie-y-snoopy-kansas-city","status":"publish","type":"product","link":"https:\/\/pandita.mx\/index.php\/producto\/charlie-y-snoopy-kansas-city\/","title":{"rendered":"Charlie y Snoopy Kansas City"},"content":{"rendered":"<p>Super Bowl LVIII \u00fanete al equipo ganador con Charlie Brown y Snoopy luciendo su esp\u00edritu deportivo! Con esta playera, apoya a Kansas City mientras tu personaje favorito se lanza al campo de f\u00fatbol americano. \u00a1Hazte con la tuya y marca un touchdown en estilo!\u00bb<\/p>\n","protected":false},"excerpt":{"rendered":"<p>Super Bowl LVIII \u00fanete al equipo ganador con Mickey Mouse luciendo su esp\u00edritu deportivo! Con esta playera, apoya a Kansas City mientras tu personaje favorito se lanza al campo de f\u00fatbol americano. \u00a1Hazte con la tuya y marca un touchdown en estilo!\u00bb<\/p>\n","protected":false},"featured_media":789,"comment_status":"open","ping_status":"closed","template":"","meta":{"_et_pb_use_builder":"","_et_pb_old_content":"","_et_gb_content_width":""},"product_cat":[24,31],"product_tag":[],"class_list":{"0":"post-809","1":"product","2":"type-product","3":"status-publish","4":"has-post-thumbnail","6":"product_cat-nfl","7":"product_cat-snoopy","9":"first","10":"instock","11":"shipping-taxable","12":"purchasable","13":"product-type-simple"},"_links":{"self":[{"href":"https:\/\/pandita.mx\/index.php\/wp-json\/wp\/v2\/product\/809","targetHints":{"allow":["GET"]}}],"collection":[{"href":"https:\/\/pandita.mx\/index.php\/wp-json\/wp\/v2\/product"}],"about":[{"href":"https:\/\/pandita.mx\/index.php\/wp-json\/wp\/v2\/types\/product"}],"replies":[{"embeddable":true,"href":"https:\/\/pandita.mx\/index.php\/wp-json\/wp\/v2\/comments?post=809"}],"wp:featuredmedia":[{"embeddable":true,"href":"https:\/\/pandita.mx\/index.php\/wp-json\/wp\/v2\/media\/789"}],"wp:attachment":[{"href":"https:\/\/pandita.mx\/index.php\/wp-json\/wp\/v2\/media?parent=809"}],"wp:term":[{"taxonomy":"product_cat","embeddable":true,"href":"https:\/\/pandita.mx\/index.php\/wp-json\/wp\/v2\/product_cat?post=809"},{"taxonomy":"product_tag","embeddable":true,"href":"https:\/\/pandita.mx\/index.php\/wp-json\/wp\/v2\/product_tag?post=809"}],"curies":[{"name":"wp","href":"https:\/\/api.w.org\/{rel}","templated":true}]}}