{"id":806,"date":"2024-02-07T01:13:04","date_gmt":"2024-02-07T00:13:04","guid":{"rendered":"https:\/\/pandita.mx\/?post_type=product&#038;p=806"},"modified":"2024-02-07T01:13:04","modified_gmt":"2024-02-07T00:13:04","slug":"mickey-mouse-pase-kansas-city","status":"publish","type":"product","link":"https:\/\/pandita.mx\/index.php\/producto\/mickey-mouse-pase-kansas-city\/","title":{"rendered":"Mickey Mouse pase Kansas City"},"content":{"rendered":"<p>\u00danete al equipo ganador con Mickey Mouse luciendo su esp\u00edritu deportivo! Con esta playera, apoya a Kansas City mientras tu personaje favorito se lanza al campo de f\u00fatbol americano. \u00a1Hazte con la tuya y marca un touchdown en estilo!\u00bb<\/p>\n","protected":false},"excerpt":{"rendered":"<p>\u00danete al equipo ganador con Mickey Mouse luciendo su esp\u00edritu deportivo! Con esta playera, apoya a Kansas City mientras tu personaje favorito se lanza al campo de f\u00fatbol americano. \u00a1Hazte con la tuya y marca un touchdown en estilo!\u00bb<\/p>\n","protected":false},"featured_media":797,"comment_status":"open","ping_status":"closed","template":"","meta":{"_et_pb_use_builder":"","_et_pb_old_content":"","_et_gb_content_width":""},"product_cat":[24],"product_tag":[],"class_list":{"0":"post-806","1":"product","2":"type-product","3":"status-publish","4":"has-post-thumbnail","6":"product_cat-nfl","8":"first","9":"instock","10":"shipping-taxable","11":"purchasable","12":"product-type-simple"},"_links":{"self":[{"href":"https:\/\/pandita.mx\/index.php\/wp-json\/wp\/v2\/product\/806","targetHints":{"allow":["GET"]}}],"collection":[{"href":"https:\/\/pandita.mx\/index.php\/wp-json\/wp\/v2\/product"}],"about":[{"href":"https:\/\/pandita.mx\/index.php\/wp-json\/wp\/v2\/types\/product"}],"replies":[{"embeddable":true,"href":"https:\/\/pandita.mx\/index.php\/wp-json\/wp\/v2\/comments?post=806"}],"wp:featuredmedia":[{"embeddable":true,"href":"https:\/\/pandita.mx\/index.php\/wp-json\/wp\/v2\/media\/797"}],"wp:attachment":[{"href":"https:\/\/pandita.mx\/index.php\/wp-json\/wp\/v2\/media?parent=806"}],"wp:term":[{"taxonomy":"product_cat","embeddable":true,"href":"https:\/\/pandita.mx\/index.php\/wp-json\/wp\/v2\/product_cat?post=806"},{"taxonomy":"product_tag","embeddable":true,"href":"https:\/\/pandita.mx\/index.php\/wp-json\/wp\/v2\/product_tag?post=806"}],"curies":[{"name":"wp","href":"https:\/\/api.w.org\/{rel}","templated":true}]}}