{"id":804,"date":"2024-02-07T01:10:08","date_gmt":"2024-02-07T00:10:08","guid":{"rendered":"https:\/\/pandita.mx\/?post_type=product&#038;p=804"},"modified":"2024-02-07T01:26:00","modified_gmt":"2024-02-07T00:26:00","slug":"snoopy-y-woodstock-chiefs","status":"publish","type":"product","link":"https:\/\/pandita.mx\/index.php\/producto\/snoopy-y-woodstock-chiefs\/","title":{"rendered":"Snoopy y Woodstock chiefs"},"content":{"rendered":"<p>\u00danete al equipo ganador con Snoopy y Woodstock luciendo su esp\u00edritu deportivo! Con esta playera, apoya a Kansas City mientras tu personaje favorito se lanza al campo de f\u00fatbol americano. \u00a1Hazte con la tuya y marca un touchdown en estilo!\u00bb<\/p>\n","protected":false},"excerpt":{"rendered":"<p>\u00danete al equipo ganador con Snoopy y Woodstock luciendo su esp\u00edritu deportivo! Con esta playera, apoya a Kansas City mientras tu personaje favorito se lanza al campo de f\u00fatbol americano. \u00a1Hazte con la tuya y marca un touchdown en estilo!\u00bb<\/p>\n","protected":false},"featured_media":799,"comment_status":"open","ping_status":"closed","template":"","meta":{"_et_pb_use_builder":"","_et_pb_old_content":"","_et_gb_content_width":""},"product_cat":[24,31],"product_tag":[],"class_list":{"0":"post-804","1":"product","2":"type-product","3":"status-publish","4":"has-post-thumbnail","6":"product_cat-nfl","7":"product_cat-snoopy","9":"first","10":"instock","11":"shipping-taxable","12":"purchasable","13":"product-type-simple"},"_links":{"self":[{"href":"https:\/\/pandita.mx\/index.php\/wp-json\/wp\/v2\/product\/804","targetHints":{"allow":["GET"]}}],"collection":[{"href":"https:\/\/pandita.mx\/index.php\/wp-json\/wp\/v2\/product"}],"about":[{"href":"https:\/\/pandita.mx\/index.php\/wp-json\/wp\/v2\/types\/product"}],"replies":[{"embeddable":true,"href":"https:\/\/pandita.mx\/index.php\/wp-json\/wp\/v2\/comments?post=804"}],"wp:featuredmedia":[{"embeddable":true,"href":"https:\/\/pandita.mx\/index.php\/wp-json\/wp\/v2\/media\/799"}],"wp:attachment":[{"href":"https:\/\/pandita.mx\/index.php\/wp-json\/wp\/v2\/media?parent=804"}],"wp:term":[{"taxonomy":"product_cat","embeddable":true,"href":"https:\/\/pandita.mx\/index.php\/wp-json\/wp\/v2\/product_cat?post=804"},{"taxonomy":"product_tag","embeddable":true,"href":"https:\/\/pandita.mx\/index.php\/wp-json\/wp\/v2\/product_tag?post=804"}],"curies":[{"name":"wp","href":"https:\/\/api.w.org\/{rel}","templated":true}]}}