{"id":7907,"date":"2024-09-08T00:10:42","date_gmt":"2024-09-07T22:10:42","guid":{"rendered":"https:\/\/pandita.mx\/?post_type=product&#038;p=7907"},"modified":"2024-09-08T00:13:59","modified_gmt":"2024-09-07T22:13:59","slug":"libra-maya","status":"publish","type":"product","link":"https:\/\/pandita.mx\/index.php\/producto\/libra-maya\/","title":{"rendered":"Libra Maya"},"content":{"rendered":"<p>Dise\u00f1o de playeras que combinan la sabidur\u00eda astrol\u00f3gica con la belleza de los patrones mayas, perfectas para los amantes de la astrolog\u00eda y la cultura antigua<\/p>\n","protected":false},"excerpt":{"rendered":"<p>Dise\u00f1o de playeras que combinan la sabidur\u00eda astrol\u00f3gica con la belleza de los patrones mayas, perfectas para los amantes de la astrolog\u00eda y la cultura antigua<\/p>\n","protected":false},"featured_media":7822,"comment_status":"open","ping_status":"closed","template":"","meta":{"_et_pb_use_builder":"","_et_pb_old_content":"","_et_gb_content_width":""},"product_cat":[108],"product_tag":[],"class_list":{"0":"post-7907","1":"product","2":"type-product","3":"status-publish","4":"has-post-thumbnail","6":"product_cat-09_zodiaco","7":"pa_color-blanco","8":"pa_color-negro","10":"first","11":"instock","12":"shipping-taxable","13":"purchasable","14":"product-type-variable"},"_links":{"self":[{"href":"https:\/\/pandita.mx\/index.php\/wp-json\/wp\/v2\/product\/7907","targetHints":{"allow":["GET"]}}],"collection":[{"href":"https:\/\/pandita.mx\/index.php\/wp-json\/wp\/v2\/product"}],"about":[{"href":"https:\/\/pandita.mx\/index.php\/wp-json\/wp\/v2\/types\/product"}],"replies":[{"embeddable":true,"href":"https:\/\/pandita.mx\/index.php\/wp-json\/wp\/v2\/comments?post=7907"}],"wp:featuredmedia":[{"embeddable":true,"href":"https:\/\/pandita.mx\/index.php\/wp-json\/wp\/v2\/media\/7822"}],"wp:attachment":[{"href":"https:\/\/pandita.mx\/index.php\/wp-json\/wp\/v2\/media?parent=7907"}],"wp:term":[{"taxonomy":"product_cat","embeddable":true,"href":"https:\/\/pandita.mx\/index.php\/wp-json\/wp\/v2\/product_cat?post=7907"},{"taxonomy":"product_tag","embeddable":true,"href":"https:\/\/pandita.mx\/index.php\/wp-json\/wp\/v2\/product_tag?post=7907"}],"curies":[{"name":"wp","href":"https:\/\/api.w.org\/{rel}","templated":true}]}}