{"id":7849,"date":"2024-09-08T00:08:35","date_gmt":"2024-09-07T22:08:35","guid":{"rendered":"https:\/\/pandita.mx\/?post_type=product&#038;p=7849"},"modified":"2024-09-08T00:09:53","modified_gmt":"2024-09-07T22:09:53","slug":"cancer-maya","status":"publish","type":"product","link":"https:\/\/pandita.mx\/index.php\/producto\/cancer-maya\/","title":{"rendered":"Cancer Maya"},"content":{"rendered":"<p>Dise\u00f1o de playeras que combinan la sabidur\u00eda astrol\u00f3gica con la belleza de los patrones mayas, perfectas para los amantes de la astrolog\u00eda y la cultura antigua<\/p>\n","protected":false},"excerpt":{"rendered":"<p>Dise\u00f1o de playeras que combinan la sabidur\u00eda astrol\u00f3gica con la belleza de los patrones mayas, perfectas para los amantes de la astrolog\u00eda y la cultura antigua<\/p>\n","protected":false},"featured_media":7817,"comment_status":"open","ping_status":"closed","template":"","meta":{"_et_pb_use_builder":"","_et_pb_old_content":"","_et_gb_content_width":""},"product_cat":[108],"product_tag":[],"class_list":{"0":"post-7849","1":"product","2":"type-product","3":"status-publish","4":"has-post-thumbnail","6":"product_cat-09_zodiaco","7":"pa_color-blanco","8":"pa_color-negro","10":"first","11":"instock","12":"shipping-taxable","13":"purchasable","14":"product-type-variable"},"_links":{"self":[{"href":"https:\/\/pandita.mx\/index.php\/wp-json\/wp\/v2\/product\/7849","targetHints":{"allow":["GET"]}}],"collection":[{"href":"https:\/\/pandita.mx\/index.php\/wp-json\/wp\/v2\/product"}],"about":[{"href":"https:\/\/pandita.mx\/index.php\/wp-json\/wp\/v2\/types\/product"}],"replies":[{"embeddable":true,"href":"https:\/\/pandita.mx\/index.php\/wp-json\/wp\/v2\/comments?post=7849"}],"wp:featuredmedia":[{"embeddable":true,"href":"https:\/\/pandita.mx\/index.php\/wp-json\/wp\/v2\/media\/7817"}],"wp:attachment":[{"href":"https:\/\/pandita.mx\/index.php\/wp-json\/wp\/v2\/media?parent=7849"}],"wp:term":[{"taxonomy":"product_cat","embeddable":true,"href":"https:\/\/pandita.mx\/index.php\/wp-json\/wp\/v2\/product_cat?post=7849"},{"taxonomy":"product_tag","embeddable":true,"href":"https:\/\/pandita.mx\/index.php\/wp-json\/wp\/v2\/product_tag?post=7849"}],"curies":[{"name":"wp","href":"https:\/\/api.w.org\/{rel}","templated":true}]}}