{"id":7692,"date":"2024-09-07T23:59:04","date_gmt":"2024-09-07T21:59:04","guid":{"rendered":"https:\/\/pandita.mx\/?post_type=product&#038;p=7692"},"modified":"2024-09-08T00:00:49","modified_gmt":"2024-09-07T22:00:49","slug":"skull-virgen","status":"publish","type":"product","link":"https:\/\/pandita.mx\/index.php\/producto\/skull-virgen\/","title":{"rendered":"Skull Virgen"},"content":{"rendered":"<p>Nuestra colecci\u00f3n est\u00e1 dise\u00f1ada para aquellos que desean llevar consigo un pedazo de la vibrante cultura mexicana, fusionando estilo moderno con tradici\u00f3n ancestral<\/p>\n","protected":false},"excerpt":{"rendered":"<p>Nuestra colecci\u00f3n est\u00e1 dise\u00f1ada para aquellos que desean llevar consigo un pedazo de la vibrante cultura mexicana, fusionando estilo moderno con tradici\u00f3n ancestral<\/p>\n","protected":false},"featured_media":7573,"comment_status":"open","ping_status":"closed","template":"","meta":{"_et_pb_use_builder":"","_et_pb_old_content":"","_et_gb_content_width":""},"product_cat":[106],"product_tag":[],"class_list":{"0":"post-7692","1":"product","2":"type-product","3":"status-publish","4":"has-post-thumbnail","6":"product_cat-09_mx","7":"pa_color-blanco","8":"pa_color-negro","10":"first","11":"instock","12":"shipping-taxable","13":"purchasable","14":"product-type-variable"},"_links":{"self":[{"href":"https:\/\/pandita.mx\/index.php\/wp-json\/wp\/v2\/product\/7692","targetHints":{"allow":["GET"]}}],"collection":[{"href":"https:\/\/pandita.mx\/index.php\/wp-json\/wp\/v2\/product"}],"about":[{"href":"https:\/\/pandita.mx\/index.php\/wp-json\/wp\/v2\/types\/product"}],"replies":[{"embeddable":true,"href":"https:\/\/pandita.mx\/index.php\/wp-json\/wp\/v2\/comments?post=7692"}],"wp:featuredmedia":[{"embeddable":true,"href":"https:\/\/pandita.mx\/index.php\/wp-json\/wp\/v2\/media\/7573"}],"wp:attachment":[{"href":"https:\/\/pandita.mx\/index.php\/wp-json\/wp\/v2\/media?parent=7692"}],"wp:term":[{"taxonomy":"product_cat","embeddable":true,"href":"https:\/\/pandita.mx\/index.php\/wp-json\/wp\/v2\/product_cat?post=7692"},{"taxonomy":"product_tag","embeddable":true,"href":"https:\/\/pandita.mx\/index.php\/wp-json\/wp\/v2\/product_tag?post=7692"}],"curies":[{"name":"wp","href":"https:\/\/api.w.org\/{rel}","templated":true}]}}