{"id":716,"date":"2024-01-28T06:56:45","date_gmt":"2024-01-28T05:56:45","guid":{"rendered":"https:\/\/pandita.mx\/?post_type=product&#038;p=716"},"modified":"2024-01-28T06:56:45","modified_gmt":"2024-01-28T05:56:45","slug":"kansas-city","status":"publish","type":"product","link":"https:\/\/pandita.mx\/index.php\/producto\/kansas-city\/","title":{"rendered":"Home Chiefs"},"content":{"rendered":"<p>Dise\u00f1o de playera de Kansas City Chiefs Con coraz\u00f3n y pasi\u00f3n, rugimos por los Chiefs, siempre listos para la victoria<\/p>\n","protected":false},"excerpt":{"rendered":"<p>Dise\u00f1o de playera de Kansas City Chiefs Con coraz\u00f3n y pasi\u00f3n, rugimos por los Chiefs, siempre listos para la victoria<\/p>\n","protected":false},"featured_media":720,"comment_status":"open","ping_status":"closed","template":"","meta":{"_et_pb_use_builder":"","_et_pb_old_content":"","_et_gb_content_width":""},"product_cat":[24,27],"product_tag":[],"class_list":{"0":"post-716","1":"product","2":"type-product","3":"status-publish","4":"has-post-thumbnail","6":"product_cat-nfl","7":"product_cat-semitono","9":"first","10":"instock","11":"shipping-taxable","12":"purchasable","13":"product-type-simple"},"_links":{"self":[{"href":"https:\/\/pandita.mx\/index.php\/wp-json\/wp\/v2\/product\/716","targetHints":{"allow":["GET"]}}],"collection":[{"href":"https:\/\/pandita.mx\/index.php\/wp-json\/wp\/v2\/product"}],"about":[{"href":"https:\/\/pandita.mx\/index.php\/wp-json\/wp\/v2\/types\/product"}],"replies":[{"embeddable":true,"href":"https:\/\/pandita.mx\/index.php\/wp-json\/wp\/v2\/comments?post=716"}],"wp:featuredmedia":[{"embeddable":true,"href":"https:\/\/pandita.mx\/index.php\/wp-json\/wp\/v2\/media\/720"}],"wp:attachment":[{"href":"https:\/\/pandita.mx\/index.php\/wp-json\/wp\/v2\/media?parent=716"}],"wp:term":[{"taxonomy":"product_cat","embeddable":true,"href":"https:\/\/pandita.mx\/index.php\/wp-json\/wp\/v2\/product_cat?post=716"},{"taxonomy":"product_tag","embeddable":true,"href":"https:\/\/pandita.mx\/index.php\/wp-json\/wp\/v2\/product_tag?post=716"}],"curies":[{"name":"wp","href":"https:\/\/api.w.org\/{rel}","templated":true}]}}