{"id":7121,"date":"2024-09-07T04:58:47","date_gmt":"2024-09-07T02:58:47","guid":{"rendered":"https:\/\/pandita.mx\/?post_type=product&#038;p=7121"},"modified":"2024-09-07T05:00:12","modified_gmt":"2024-09-07T03:00:12","slug":"xolo-flores","status":"publish","type":"product","link":"https:\/\/pandita.mx\/index.php\/producto\/xolo-flores\/","title":{"rendered":"Xolo Flores"},"content":{"rendered":"<p>Nuestras playeras presentan estampados \u00fanicos de animales sagrados y emblem\u00e1ticos de la tradici\u00f3n azteca, como el \u00e1guila, el jaguar y la serpiente emplumada<\/p>\n","protected":false},"excerpt":{"rendered":"<p>Nuestras playeras presentan estampados \u00fanicos de animales sagrados y emblem\u00e1ticos de la tradici\u00f3n azteca, como el \u00e1guila, el jaguar y la serpiente emplumada<\/p>\n","protected":false},"featured_media":7041,"comment_status":"open","ping_status":"closed","template":"","meta":{"_et_pb_use_builder":"","_et_pb_old_content":"","_et_gb_content_width":""},"product_cat":[103],"product_tag":[],"class_list":{"0":"post-7121","1":"product","2":"type-product","3":"status-publish","4":"has-post-thumbnail","6":"product_cat-09_animals","7":"pa_color-blanco","8":"pa_color-negro","10":"first","11":"instock","12":"shipping-taxable","13":"purchasable","14":"product-type-variable"},"_links":{"self":[{"href":"https:\/\/pandita.mx\/index.php\/wp-json\/wp\/v2\/product\/7121","targetHints":{"allow":["GET"]}}],"collection":[{"href":"https:\/\/pandita.mx\/index.php\/wp-json\/wp\/v2\/product"}],"about":[{"href":"https:\/\/pandita.mx\/index.php\/wp-json\/wp\/v2\/types\/product"}],"replies":[{"embeddable":true,"href":"https:\/\/pandita.mx\/index.php\/wp-json\/wp\/v2\/comments?post=7121"}],"wp:featuredmedia":[{"embeddable":true,"href":"https:\/\/pandita.mx\/index.php\/wp-json\/wp\/v2\/media\/7041"}],"wp:attachment":[{"href":"https:\/\/pandita.mx\/index.php\/wp-json\/wp\/v2\/media?parent=7121"}],"wp:term":[{"taxonomy":"product_cat","embeddable":true,"href":"https:\/\/pandita.mx\/index.php\/wp-json\/wp\/v2\/product_cat?post=7121"},{"taxonomy":"product_tag","embeddable":true,"href":"https:\/\/pandita.mx\/index.php\/wp-json\/wp\/v2\/product_tag?post=7121"}],"curies":[{"name":"wp","href":"https:\/\/api.w.org\/{rel}","templated":true}]}}