{"id":6351,"date":"2024-09-07T02:21:25","date_gmt":"2024-09-07T00:21:25","guid":{"rendered":"https:\/\/pandita.mx\/?post_type=product&#038;p=6351"},"modified":"2024-09-07T02:22:22","modified_gmt":"2024-09-07T00:22:22","slug":"calendario-azteca-simpsons","status":"publish","type":"product","link":"https:\/\/pandita.mx\/index.php\/producto\/calendario-azteca-simpsons\/","title":{"rendered":"Calendario Azteca Simpsons"},"content":{"rendered":"<p>Dise\u00f1o \u00fanico que celebran la riqueza cultural y las diversas tem\u00e1ticas de la antigua civilizaci\u00f3n. Cada camiseta es una obra de arte que te conecta con la historia y el legado azteca<\/p>\n","protected":false},"excerpt":{"rendered":"<p>Dise\u00f1o \u00fanico que celebran la riqueza cultural y las diversas tem\u00e1ticas de la antigua civilizaci\u00f3n. Cada camiseta es una obra de arte que te conecta con la historia y el legado azteca<\/p>\n","protected":false},"featured_media":5615,"comment_status":"open","ping_status":"closed","template":"","meta":{"_et_pb_use_builder":"","_et_pb_old_content":"","_et_gb_content_width":""},"product_cat":[104],"product_tag":[],"class_list":{"0":"post-6351","1":"product","2":"type-product","3":"status-publish","4":"has-post-thumbnail","6":"product_cat-09_calendario","7":"pa_color-blanco","8":"pa_color-negro","10":"first","11":"instock","12":"shipping-taxable","13":"purchasable","14":"product-type-variable"},"_links":{"self":[{"href":"https:\/\/pandita.mx\/index.php\/wp-json\/wp\/v2\/product\/6351","targetHints":{"allow":["GET"]}}],"collection":[{"href":"https:\/\/pandita.mx\/index.php\/wp-json\/wp\/v2\/product"}],"about":[{"href":"https:\/\/pandita.mx\/index.php\/wp-json\/wp\/v2\/types\/product"}],"replies":[{"embeddable":true,"href":"https:\/\/pandita.mx\/index.php\/wp-json\/wp\/v2\/comments?post=6351"}],"wp:featuredmedia":[{"embeddable":true,"href":"https:\/\/pandita.mx\/index.php\/wp-json\/wp\/v2\/media\/5615"}],"wp:attachment":[{"href":"https:\/\/pandita.mx\/index.php\/wp-json\/wp\/v2\/media?parent=6351"}],"wp:term":[{"taxonomy":"product_cat","embeddable":true,"href":"https:\/\/pandita.mx\/index.php\/wp-json\/wp\/v2\/product_cat?post=6351"},{"taxonomy":"product_tag","embeddable":true,"href":"https:\/\/pandita.mx\/index.php\/wp-json\/wp\/v2\/product_tag?post=6351"}],"curies":[{"name":"wp","href":"https:\/\/api.w.org\/{rel}","templated":true}]}}