{"id":573,"date":"2024-01-21T07:19:27","date_gmt":"2024-01-21T06:19:27","guid":{"rendered":"https:\/\/pandita.mx\/?post_type=product&#038;p=573"},"modified":"2024-01-21T07:19:27","modified_gmt":"2024-01-21T06:19:27","slug":"diseno-playera-benderman","status":"publish","type":"product","link":"https:\/\/pandita.mx\/index.php\/producto\/diseno-playera-benderman\/","title":{"rendered":"Benderman Barbie"},"content":{"rendered":"<p>Dise\u00f1o de playera benderman, Desafiando los est\u00e1ndares rob\u00f3ticos con glamour! Soy Benderman, la\u00bb Barbie de la inteligencia artificial\u00bb. #BendermanBarbie #MetalConEstilo #AIChic #ModaRob\u00f3tica<\/p>\n","protected":false},"excerpt":{"rendered":"<p>Desafiando los est\u00e1ndares rob\u00f3ticos con glamour! Soy Benderman, la Barbie de la inteligencia artificial. #BendermanBarbie #MetalConEstilo #AIChic #ModaRob\u00f3tica<\/p>\n","protected":false},"featured_media":574,"comment_status":"open","ping_status":"closed","template":"","meta":{"_et_pb_use_builder":"","_et_pb_old_content":"","_et_gb_content_width":""},"product_cat":[26],"product_tag":[],"class_list":{"0":"post-573","1":"product","2":"type-product","3":"status-publish","4":"has-post-thumbnail","6":"product_cat-cartoon","8":"first","9":"instock","10":"shipping-taxable","11":"purchasable","12":"product-type-simple"},"_links":{"self":[{"href":"https:\/\/pandita.mx\/index.php\/wp-json\/wp\/v2\/product\/573","targetHints":{"allow":["GET"]}}],"collection":[{"href":"https:\/\/pandita.mx\/index.php\/wp-json\/wp\/v2\/product"}],"about":[{"href":"https:\/\/pandita.mx\/index.php\/wp-json\/wp\/v2\/types\/product"}],"replies":[{"embeddable":true,"href":"https:\/\/pandita.mx\/index.php\/wp-json\/wp\/v2\/comments?post=573"}],"wp:featuredmedia":[{"embeddable":true,"href":"https:\/\/pandita.mx\/index.php\/wp-json\/wp\/v2\/media\/574"}],"wp:attachment":[{"href":"https:\/\/pandita.mx\/index.php\/wp-json\/wp\/v2\/media?parent=573"}],"wp:term":[{"taxonomy":"product_cat","embeddable":true,"href":"https:\/\/pandita.mx\/index.php\/wp-json\/wp\/v2\/product_cat?post=573"},{"taxonomy":"product_tag","embeddable":true,"href":"https:\/\/pandita.mx\/index.php\/wp-json\/wp\/v2\/product_tag?post=573"}],"curies":[{"name":"wp","href":"https:\/\/api.w.org\/{rel}","templated":true}]}}