{"id":4831,"date":"2024-09-06T06:58:14","date_gmt":"2024-09-06T04:58:14","guid":{"rendered":"https:\/\/pandita.mx\/?post_type=product&#038;p=4831"},"modified":"2024-09-06T07:05:57","modified_gmt":"2024-09-06T05:05:57","slug":"bordado-muneca-lele","status":"publish","type":"product","link":"https:\/\/pandita.mx\/index.php\/producto\/bordado-muneca-lele\/","title":{"rendered":"Bordado Mu\u00f1eca Lele"},"content":{"rendered":"<p>Nuestras playeras recrean a la perfecci\u00f3n desde flores vibrantes hasta figuras geom\u00e9tricas inspiradas en Tenango y otras artesan\u00edas, cada dise\u00f1o es visualmente detallado y din\u00e1mico, ofreciendo la apariencia de un bordado real pero con la suavidad y comodidad de una impresi\u00f3n moderna.<\/p>\n<p>&nbsp;<\/p>\n","protected":false},"excerpt":{"rendered":"<p>Nuestras playeras recrean a la perfecci\u00f3n desde flores vibrantes hasta figuras geom\u00e9tricas inspiradas en Tenango y otras artesan\u00edas, cada dise\u00f1o es visualmente detallado y din\u00e1mico, ofreciendo la apariencia de un bordado real pero con la suavidad y comodidad de una impresi\u00f3n moderna. &nbsp;<\/p>\n","protected":false},"featured_media":4766,"comment_status":"open","ping_status":"closed","template":"","meta":{"_et_pb_use_builder":"","_et_pb_old_content":"","_et_gb_content_width":""},"product_cat":[98,91],"product_tag":[],"class_list":{"0":"post-4831","1":"product","2":"type-product","3":"status-publish","4":"has-post-thumbnail","6":"product_cat-09_bordado","7":"product_cat-septiembre-destacado","8":"pa_color-blanco","9":"pa_color-negro","11":"first","12":"instock","13":"shipping-taxable","14":"product-type-variable"},"_links":{"self":[{"href":"https:\/\/pandita.mx\/index.php\/wp-json\/wp\/v2\/product\/4831","targetHints":{"allow":["GET"]}}],"collection":[{"href":"https:\/\/pandita.mx\/index.php\/wp-json\/wp\/v2\/product"}],"about":[{"href":"https:\/\/pandita.mx\/index.php\/wp-json\/wp\/v2\/types\/product"}],"replies":[{"embeddable":true,"href":"https:\/\/pandita.mx\/index.php\/wp-json\/wp\/v2\/comments?post=4831"}],"wp:featuredmedia":[{"embeddable":true,"href":"https:\/\/pandita.mx\/index.php\/wp-json\/wp\/v2\/media\/4766"}],"wp:attachment":[{"href":"https:\/\/pandita.mx\/index.php\/wp-json\/wp\/v2\/media?parent=4831"}],"wp:term":[{"taxonomy":"product_cat","embeddable":true,"href":"https:\/\/pandita.mx\/index.php\/wp-json\/wp\/v2\/product_cat?post=4831"},{"taxonomy":"product_tag","embeddable":true,"href":"https:\/\/pandita.mx\/index.php\/wp-json\/wp\/v2\/product_tag?post=4831"}],"curies":[{"name":"wp","href":"https:\/\/api.w.org\/{rel}","templated":true}]}}