{"id":4126,"date":"2024-09-06T05:04:02","date_gmt":"2024-09-06T03:04:02","guid":{"rendered":"https:\/\/pandita.mx\/?post_type=product&#038;p=4126"},"modified":"2024-09-06T05:14:03","modified_gmt":"2024-09-06T03:14:03","slug":"manita-de-la-suerte","status":"publish","type":"product","link":"https:\/\/pandita.mx\/index.php\/producto\/manita-de-la-suerte\/","title":{"rendered":"Manita de la Suerte"},"content":{"rendered":"<h4>Descubre la fusi\u00f3n perfecta entre la tradici\u00f3n mexicana y el arte japon\u00e9s con nuestras playeras \u00fanicas! Cada dise\u00f1o celebra los colores y formas ic\u00f3nicas de los dulces mexicanos, reinventados con un toque moderno y vibrante del estilo japon\u00e9s. \u00a1Una explosi\u00f3n de sabor y cultura en cada prenda<\/h4>\n<p>&nbsp;<\/p>\n","protected":false},"excerpt":{"rendered":"<p>Descubre la fusi\u00f3n perfecta entre la tradici\u00f3n mexicana y el arte japon\u00e9s con nuestras playeras \u00fanicas! Cada dise\u00f1o celebra los colores y formas ic\u00f3nicas de los dulces mexicanos, reinventados con un toque moderno y vibrante del estilo japon\u00e9s. \u00a1Una explosi\u00f3n de sabor y cultura en cada prenda &nbsp;<\/p>\n","protected":false},"featured_media":4086,"comment_status":"open","ping_status":"closed","template":"","meta":{"_et_pb_use_builder":"","_et_pb_old_content":"","_et_gb_content_width":""},"product_cat":[95,91],"product_tag":[],"class_list":{"0":"post-4126","1":"product","2":"type-product","3":"status-publish","4":"has-post-thumbnail","6":"product_cat-09_dulces-mexicano","7":"product_cat-septiembre-destacado","8":"pa_color-blanco","9":"pa_color-negro","11":"first","12":"instock","13":"shipping-taxable","14":"purchasable","15":"product-type-variable"},"_links":{"self":[{"href":"https:\/\/pandita.mx\/index.php\/wp-json\/wp\/v2\/product\/4126","targetHints":{"allow":["GET"]}}],"collection":[{"href":"https:\/\/pandita.mx\/index.php\/wp-json\/wp\/v2\/product"}],"about":[{"href":"https:\/\/pandita.mx\/index.php\/wp-json\/wp\/v2\/types\/product"}],"replies":[{"embeddable":true,"href":"https:\/\/pandita.mx\/index.php\/wp-json\/wp\/v2\/comments?post=4126"}],"wp:featuredmedia":[{"embeddable":true,"href":"https:\/\/pandita.mx\/index.php\/wp-json\/wp\/v2\/media\/4086"}],"wp:attachment":[{"href":"https:\/\/pandita.mx\/index.php\/wp-json\/wp\/v2\/media?parent=4126"}],"wp:term":[{"taxonomy":"product_cat","embeddable":true,"href":"https:\/\/pandita.mx\/index.php\/wp-json\/wp\/v2\/product_cat?post=4126"},{"taxonomy":"product_tag","embeddable":true,"href":"https:\/\/pandita.mx\/index.php\/wp-json\/wp\/v2\/product_tag?post=4126"}],"curies":[{"name":"wp","href":"https:\/\/api.w.org\/{rel}","templated":true}]}}