{"id":4100,"date":"2024-09-06T05:03:36","date_gmt":"2024-09-06T03:03:36","guid":{"rendered":"https:\/\/pandita.mx\/?post_type=product&#038;p=4100"},"modified":"2024-09-06T05:04:50","modified_gmt":"2024-09-06T03:04:50","slug":"dragozito-amarillo","status":"publish","type":"product","link":"https:\/\/pandita.mx\/index.php\/producto\/dragozito-amarillo\/","title":{"rendered":"Dragozito Amarillo"},"content":{"rendered":"<h4>Descubre la fusi\u00f3n perfecta entre la tradici\u00f3n mexicana y el arte japon\u00e9s con nuestras playeras \u00fanicas! Cada dise\u00f1o celebra los colores y formas ic\u00f3nicas de los dulces mexicanos, reinventados con un toque moderno y vibrante del estilo japon\u00e9s. \u00a1Una explosi\u00f3n de sabor y cultura en cada prenda<\/h4>\n<p>Nuestras playeras de edici\u00f3n limitada combinan la riqueza visual de los dulces tradicionales mexicanos, como mazapanes, paletas y tamarindos, con l\u00edneas limpias y est\u00e9ticas propias del arte japon\u00e9s. Cada pieza est\u00e1 dise\u00f1ada para resaltar colores brillantes y detalles intrincados, creando una prenda que no solo es c\u00f3moda, sino tambi\u00e9n una obra de arte<\/p>\n<h4><strong>Caracter\u00edsticas del producto:<\/strong><\/h4>\n<ul>\n<li>\n<h4>Dise\u00f1o exclusivo de <strong>dulces m\u00e9xicanos<\/strong>.<\/h4>\n<\/li>\n<li>\n<h4>Material: 100% algod\u00f3n suave y duradero.<\/h4>\n<\/li>\n<li>\n<h4>Disponible en varias tallas y colores.<\/h4>\n<\/li>\n<li>\n<h4>Ideal para festividades patrias, moda casual o regalos.<\/h4>\n<\/li>\n<\/ul>\n<p>&nbsp;<\/p>\n<p>&nbsp;<\/p>\n","protected":false},"excerpt":{"rendered":"<p>Descubre la fusi\u00f3n perfecta entre la tradici\u00f3n mexicana y el arte japon\u00e9s con nuestras playeras \u00fanicas! Cada dise\u00f1o celebra los colores y formas ic\u00f3nicas de los dulces mexicanos, reinventados con un toque moderno y vibrante del estilo japon\u00e9s. \u00a1Una explosi\u00f3n de sabor y cultura en cada prenda Nuestras playeras de edici\u00f3n limitada combinan la riqueza [&hellip;]<\/p>\n","protected":false},"featured_media":4083,"comment_status":"open","ping_status":"closed","template":"","meta":{"_et_pb_use_builder":"","_et_pb_old_content":"","_et_gb_content_width":""},"product_cat":[95],"product_tag":[],"class_list":{"0":"post-4100","1":"product","2":"type-product","3":"status-publish","4":"has-post-thumbnail","6":"product_cat-09_dulces-mexicano","7":"pa_color-blanco","8":"pa_color-negro","10":"first","11":"instock","12":"shipping-taxable","13":"purchasable","14":"product-type-variable"},"_links":{"self":[{"href":"https:\/\/pandita.mx\/index.php\/wp-json\/wp\/v2\/product\/4100","targetHints":{"allow":["GET"]}}],"collection":[{"href":"https:\/\/pandita.mx\/index.php\/wp-json\/wp\/v2\/product"}],"about":[{"href":"https:\/\/pandita.mx\/index.php\/wp-json\/wp\/v2\/types\/product"}],"replies":[{"embeddable":true,"href":"https:\/\/pandita.mx\/index.php\/wp-json\/wp\/v2\/comments?post=4100"}],"wp:featuredmedia":[{"embeddable":true,"href":"https:\/\/pandita.mx\/index.php\/wp-json\/wp\/v2\/media\/4083"}],"wp:attachment":[{"href":"https:\/\/pandita.mx\/index.php\/wp-json\/wp\/v2\/media?parent=4100"}],"wp:term":[{"taxonomy":"product_cat","embeddable":true,"href":"https:\/\/pandita.mx\/index.php\/wp-json\/wp\/v2\/product_cat?post=4100"},{"taxonomy":"product_tag","embeddable":true,"href":"https:\/\/pandita.mx\/index.php\/wp-json\/wp\/v2\/product_tag?post=4100"}],"curies":[{"name":"wp","href":"https:\/\/api.w.org\/{rel}","templated":true}]}}