{"id":408,"date":"2024-01-13T06:34:21","date_gmt":"2024-01-13T05:34:21","guid":{"rendered":"https:\/\/pandita.mx\/?post_type=product&#038;p=408"},"modified":"2024-01-14T17:10:28","modified_gmt":"2024-01-14T16:10:28","slug":"buster-bunny","status":"publish","type":"product","link":"https:\/\/pandita.mx\/index.php\/producto\/buster-bunny\/","title":{"rendered":"Buster Bunny"},"content":{"rendered":"<p>Entre acrobacias de amor y risas contagiosas, Babs y Buster Bunny descubren que el escenario del coraz\u00f3n es el mejor lugar para su inolvidable actuaci\u00f3n rom\u00e1ntica. \ud83c\udfad\ud83d\udc95 #DiaDelAmorBabsyBuster<\/p>\n","protected":false},"excerpt":{"rendered":"<p>Entre acrobacias de amor y risas contagiosas, Babs y Buster Bunny descubren que el escenario del coraz\u00f3n es el mejor lugar para su inolvidable actuaci\u00f3n rom\u00e1ntica. \ud83c\udfad\ud83d\udc95 #DiaDelAmorBabsyBuster<\/p>\n","protected":false},"featured_media":380,"comment_status":"open","ping_status":"closed","template":"","meta":{"_et_pb_use_builder":"","_et_pb_old_content":"","_et_gb_content_width":""},"product_cat":[25],"product_tag":[],"class_list":{"0":"post-408","1":"product","2":"type-product","3":"status-publish","4":"has-post-thumbnail","6":"product_cat-dia-del-amor","8":"first","9":"instock","10":"shipping-taxable","11":"purchasable","12":"product-type-simple"},"_links":{"self":[{"href":"https:\/\/pandita.mx\/index.php\/wp-json\/wp\/v2\/product\/408","targetHints":{"allow":["GET"]}}],"collection":[{"href":"https:\/\/pandita.mx\/index.php\/wp-json\/wp\/v2\/product"}],"about":[{"href":"https:\/\/pandita.mx\/index.php\/wp-json\/wp\/v2\/types\/product"}],"replies":[{"embeddable":true,"href":"https:\/\/pandita.mx\/index.php\/wp-json\/wp\/v2\/comments?post=408"}],"wp:featuredmedia":[{"embeddable":true,"href":"https:\/\/pandita.mx\/index.php\/wp-json\/wp\/v2\/media\/380"}],"wp:attachment":[{"href":"https:\/\/pandita.mx\/index.php\/wp-json\/wp\/v2\/media?parent=408"}],"wp:term":[{"taxonomy":"product_cat","embeddable":true,"href":"https:\/\/pandita.mx\/index.php\/wp-json\/wp\/v2\/product_cat?post=408"},{"taxonomy":"product_tag","embeddable":true,"href":"https:\/\/pandita.mx\/index.php\/wp-json\/wp\/v2\/product_tag?post=408"}],"curies":[{"name":"wp","href":"https:\/\/api.w.org\/{rel}","templated":true}]}}