{"id":407,"date":"2024-01-13T06:30:20","date_gmt":"2024-01-13T05:30:20","guid":{"rendered":"https:\/\/pandita.mx\/?post_type=product&#038;p=407"},"modified":"2024-01-14T17:10:37","modified_gmt":"2024-01-14T16:10:37","slug":"peaches-dia-del-amor","status":"publish","type":"product","link":"https:\/\/pandita.mx\/index.php\/producto\/peaches-dia-del-amor\/","title":{"rendered":"Peaches d\u00eda del amor"},"content":{"rendered":"<p>En el Reino Champi\u00f1\u00f3n del amor, Mario y Peach escriben juntos un romance pixelado, donde cada salto es un paso m\u00e1s cerca del final feliz. \ud83c\udf1f\u2764\ufe0f #DiaDelAmorMarioYPeach<\/p>\n","protected":false},"excerpt":{"rendered":"<p>En el Reino Champi\u00f1\u00f3n del amor, Mario y Peach escriben juntos un romance pixelado, donde cada salto es un paso m\u00e1s cerca del final feliz. \ud83c\udf1f\u2764\ufe0f #DiaDelAmorMarioYPeach<\/p>\n","protected":false},"featured_media":394,"comment_status":"open","ping_status":"closed","template":"","meta":{"_et_pb_use_builder":"","_et_pb_old_content":"","_et_gb_content_width":""},"product_cat":[25],"product_tag":[],"class_list":{"0":"post-407","1":"product","2":"type-product","3":"status-publish","4":"has-post-thumbnail","6":"product_cat-dia-del-amor","8":"first","9":"instock","10":"shipping-taxable","11":"purchasable","12":"product-type-simple"},"_links":{"self":[{"href":"https:\/\/pandita.mx\/index.php\/wp-json\/wp\/v2\/product\/407","targetHints":{"allow":["GET"]}}],"collection":[{"href":"https:\/\/pandita.mx\/index.php\/wp-json\/wp\/v2\/product"}],"about":[{"href":"https:\/\/pandita.mx\/index.php\/wp-json\/wp\/v2\/types\/product"}],"replies":[{"embeddable":true,"href":"https:\/\/pandita.mx\/index.php\/wp-json\/wp\/v2\/comments?post=407"}],"wp:featuredmedia":[{"embeddable":true,"href":"https:\/\/pandita.mx\/index.php\/wp-json\/wp\/v2\/media\/394"}],"wp:attachment":[{"href":"https:\/\/pandita.mx\/index.php\/wp-json\/wp\/v2\/media?parent=407"}],"wp:term":[{"taxonomy":"product_cat","embeddable":true,"href":"https:\/\/pandita.mx\/index.php\/wp-json\/wp\/v2\/product_cat?post=407"},{"taxonomy":"product_tag","embeddable":true,"href":"https:\/\/pandita.mx\/index.php\/wp-json\/wp\/v2\/product_tag?post=407"}],"curies":[{"name":"wp","href":"https:\/\/api.w.org\/{rel}","templated":true}]}}