{"id":406,"date":"2024-01-13T06:29:05","date_gmt":"2024-01-13T05:29:05","guid":{"rendered":"https:\/\/pandita.mx\/?post_type=product&#038;p=406"},"modified":"2024-08-17T07:06:00","modified_gmt":"2024-08-17T05:06:00","slug":"mario-bross-dia-del-amor","status":"publish","type":"product","link":"https:\/\/pandita.mx\/index.php\/producto\/mario-bross-dia-del-amor\/","title":{"rendered":"Mario Bross d\u00eda del amor"},"content":{"rendered":"<p>En el Reino Champi\u00f1\u00f3n del amor, Mario y Peach escriben juntos un romance pixelado, donde cada salto es un paso m\u00e1s cerca del final feliz. \ud83c\udf1f\u2764\ufe0f #DiaDelAmorMarioYPeach<\/p>\n","protected":false},"excerpt":{"rendered":"<p>En el Reino Champi\u00f1\u00f3n del amor, Mario y Peach escriben juntos un romance pixelado, donde cada salto es un paso m\u00e1s cerca del final feliz. \ud83c\udf1f\u2764\ufe0f #DiaDelAmorMarioYPeach<\/p>\n","protected":false},"featured_media":389,"comment_status":"open","ping_status":"closed","template":"","meta":{"_et_pb_use_builder":"","_et_pb_old_content":"","_et_gb_content_width":""},"product_cat":[25],"product_tag":[],"class_list":{"0":"post-406","1":"product","2":"type-product","3":"status-publish","4":"has-post-thumbnail","6":"product_cat-dia-del-amor","8":"first","9":"instock","10":"shipping-taxable","11":"purchasable","12":"product-type-simple"},"_links":{"self":[{"href":"https:\/\/pandita.mx\/index.php\/wp-json\/wp\/v2\/product\/406","targetHints":{"allow":["GET"]}}],"collection":[{"href":"https:\/\/pandita.mx\/index.php\/wp-json\/wp\/v2\/product"}],"about":[{"href":"https:\/\/pandita.mx\/index.php\/wp-json\/wp\/v2\/types\/product"}],"replies":[{"embeddable":true,"href":"https:\/\/pandita.mx\/index.php\/wp-json\/wp\/v2\/comments?post=406"}],"wp:featuredmedia":[{"embeddable":true,"href":"https:\/\/pandita.mx\/index.php\/wp-json\/wp\/v2\/media\/389"}],"wp:attachment":[{"href":"https:\/\/pandita.mx\/index.php\/wp-json\/wp\/v2\/media?parent=406"}],"wp:term":[{"taxonomy":"product_cat","embeddable":true,"href":"https:\/\/pandita.mx\/index.php\/wp-json\/wp\/v2\/product_cat?post=406"},{"taxonomy":"product_tag","embeddable":true,"href":"https:\/\/pandita.mx\/index.php\/wp-json\/wp\/v2\/product_tag?post=406"}],"curies":[{"name":"wp","href":"https:\/\/api.w.org\/{rel}","templated":true}]}}