{"id":400,"date":"2024-01-13T06:16:17","date_gmt":"2024-01-13T05:16:17","guid":{"rendered":"https:\/\/pandita.mx\/?post_type=product&#038;p=400"},"modified":"2024-01-14T17:12:45","modified_gmt":"2024-01-14T16:12:45","slug":"dorami-dia-del-amor","status":"publish","type":"product","link":"https:\/\/pandita.mx\/index.php\/producto\/dorami-dia-del-amor\/","title":{"rendered":"Dorami d\u00eda del amor"},"content":{"rendered":"<p>En el bolsillo del tiempo, Doraemon guarda momentos de amor y en el coraz\u00f3n de Dorami, florece el cari\u00f1o eterno. \ud83d\udc99\u23f3 #DiaDelAmorDorayDora<\/p>\n","protected":false},"excerpt":{"rendered":"<p>En el bolsillo del tiempo, Doraemon guarda momentos de amor y en el coraz\u00f3n de Dorami, florece el cari\u00f1o eterno. \ud83d\udc99\u23f3 #DiaDelAmorDorayDora<\/p>\n","protected":false},"featured_media":383,"comment_status":"open","ping_status":"closed","template":"","meta":{"_et_pb_use_builder":"","_et_pb_old_content":"","_et_gb_content_width":""},"product_cat":[25],"product_tag":[],"class_list":{"0":"post-400","1":"product","2":"type-product","3":"status-publish","4":"has-post-thumbnail","6":"product_cat-dia-del-amor","8":"first","9":"instock","10":"shipping-taxable","11":"purchasable","12":"product-type-simple"},"_links":{"self":[{"href":"https:\/\/pandita.mx\/index.php\/wp-json\/wp\/v2\/product\/400","targetHints":{"allow":["GET"]}}],"collection":[{"href":"https:\/\/pandita.mx\/index.php\/wp-json\/wp\/v2\/product"}],"about":[{"href":"https:\/\/pandita.mx\/index.php\/wp-json\/wp\/v2\/types\/product"}],"replies":[{"embeddable":true,"href":"https:\/\/pandita.mx\/index.php\/wp-json\/wp\/v2\/comments?post=400"}],"wp:featuredmedia":[{"embeddable":true,"href":"https:\/\/pandita.mx\/index.php\/wp-json\/wp\/v2\/media\/383"}],"wp:attachment":[{"href":"https:\/\/pandita.mx\/index.php\/wp-json\/wp\/v2\/media?parent=400"}],"wp:term":[{"taxonomy":"product_cat","embeddable":true,"href":"https:\/\/pandita.mx\/index.php\/wp-json\/wp\/v2\/product_cat?post=400"},{"taxonomy":"product_tag","embeddable":true,"href":"https:\/\/pandita.mx\/index.php\/wp-json\/wp\/v2\/product_tag?post=400"}],"curies":[{"name":"wp","href":"https:\/\/api.w.org\/{rel}","templated":true}]}}