{"id":3968,"date":"2024-09-05T07:46:21","date_gmt":"2024-09-05T05:46:21","guid":{"rendered":"https:\/\/pandita.mx\/?post_type=product&#038;p=3968"},"modified":"2024-09-05T07:47:46","modified_gmt":"2024-09-05T05:47:46","slug":"munequita-lele-morelia","status":"publish","type":"product","link":"https:\/\/pandita.mx\/index.php\/producto\/munequita-lele-morelia\/","title":{"rendered":"Mu\u00f1equita Lele Morelia"},"content":{"rendered":"<h4>Luce la esencia de la cultura mexicana con nuestras <strong>playeras de mu\u00f1equitas Lele mexicanas<\/strong>, un homenaje a nuestras ra\u00edces otom\u00edes, en un dise\u00f1o moderno y lleno de vida.<\/h4>\n<h4><strong>Caracter\u00edsticas del producto:<\/strong><\/h4>\n<ul>\n<li>\n<h4>Dise\u00f1o exclusivo de <strong>mu\u00f1equitas Lele mexicanas<\/strong>.<\/h4>\n<\/li>\n<li>\n<h4>Material: 100% algod\u00f3n suave y duradero.<\/h4>\n<\/li>\n<li>\n<h4>Disponible en varias tallas y colores.<\/h4>\n<\/li>\n<li>\n<h4>Ideal para festividades patrias, moda casual o regalos.<\/h4>\n<\/li>\n<\/ul>\n<p>&nbsp;<\/p>\n<p>&nbsp;<\/p>\n","protected":false},"excerpt":{"rendered":"<p>Luce la esencia de la cultura mexicana con nuestras playeras de mu\u00f1equitas Lele mexicanas, un homenaje a nuestras ra\u00edces otom\u00edes, en un dise\u00f1o moderno y lleno de vida. Caracter\u00edsticas del producto: Dise\u00f1o exclusivo de mu\u00f1equitas Lele mexicanas. Material: 100% algod\u00f3n suave y duradero. Disponible en varias tallas y colores. Ideal para festividades patrias, moda casual [&hellip;]<\/p>\n","protected":false},"featured_media":3839,"comment_status":"open","ping_status":"closed","template":"","meta":{"_et_pb_use_builder":"","_et_pb_old_content":"","_et_gb_content_width":""},"product_cat":[94],"product_tag":[],"class_list":{"0":"post-3968","1":"product","2":"type-product","3":"status-publish","4":"has-post-thumbnail","6":"product_cat-09_munequita-lele","7":"pa_color-blanco","8":"pa_color-negro","10":"first","11":"instock","12":"shipping-taxable","13":"purchasable","14":"product-type-variable"},"_links":{"self":[{"href":"https:\/\/pandita.mx\/index.php\/wp-json\/wp\/v2\/product\/3968","targetHints":{"allow":["GET"]}}],"collection":[{"href":"https:\/\/pandita.mx\/index.php\/wp-json\/wp\/v2\/product"}],"about":[{"href":"https:\/\/pandita.mx\/index.php\/wp-json\/wp\/v2\/types\/product"}],"replies":[{"embeddable":true,"href":"https:\/\/pandita.mx\/index.php\/wp-json\/wp\/v2\/comments?post=3968"}],"wp:featuredmedia":[{"embeddable":true,"href":"https:\/\/pandita.mx\/index.php\/wp-json\/wp\/v2\/media\/3839"}],"wp:attachment":[{"href":"https:\/\/pandita.mx\/index.php\/wp-json\/wp\/v2\/media?parent=3968"}],"wp:term":[{"taxonomy":"product_cat","embeddable":true,"href":"https:\/\/pandita.mx\/index.php\/wp-json\/wp\/v2\/product_cat?post=3968"},{"taxonomy":"product_tag","embeddable":true,"href":"https:\/\/pandita.mx\/index.php\/wp-json\/wp\/v2\/product_tag?post=3968"}],"curies":[{"name":"wp","href":"https:\/\/api.w.org\/{rel}","templated":true}]}}