{"id":39193,"date":"2025-09-30T06:54:57","date_gmt":"2025-09-30T04:54:57","guid":{"rendered":"https:\/\/pandita.mx\/?post_type=product&#038;p=39193"},"modified":"2025-09-30T06:56:54","modified_gmt":"2025-09-30T04:56:54","slug":"little-mac-vs-canelo","status":"publish","type":"product","link":"https:\/\/pandita.mx\/index.php\/producto\/little-mac-vs-canelo\/","title":{"rendered":"Little Mac vs Canelo"},"content":{"rendered":"<div class=\"xdj266r x14z9mp xat24cr x1lziwak x1vvkbs x126k92a\">\n<div dir=\"auto\">\n<p data-start=\"223\" data-end=\"517\"><strong data-start=\"226\" data-end=\"254\">Nuevo drop en Pandita.mx<\/strong> \ud83d\udd25<br data-start=\"257\" data-end=\"260\" \/>Revive la nostalgia gamer con esta <strong data-start=\"295\" data-end=\"347\">playera exclusiva inspirada en Super Punch-Out!!<\/strong> \ud83d\udca5 donde el cl\u00e1sico <strong data-start=\"368\" data-end=\"423\">Little Mac se enfrenta al campe\u00f3n Canelo \u00c1lvarez \ud83e\udd4a<\/strong>.<br data-start=\"424\" data-end=\"427\" \/>Un dise\u00f1o \u00fanico para los fans del <strong data-start=\"461\" data-end=\"510\">boxeo, los videojuegos retro y la moda urbana<\/strong>. \ud83d\udc55\u2728<\/p>\n<p data-start=\"519\" data-end=\"636\">\ud83d\udc49 Disponible ya en <strong data-start=\"539\" data-end=\"575\"><a class=\"decorated-link cursor-pointer\" target=\"_new\" rel=\"noopener\" data-start=\"541\" data-end=\"573\">Pandita.mx<\/a><\/strong><br data-start=\"575\" data-end=\"578\" \/>\u26a1 Calidad premium | Estampado duradero | Estilo original<\/p>\n<p data-start=\"638\" data-end=\"818\">#Playeras #ModaUrbana #Nintendo #PunchOut #Boxeo #Canelo #Streetwear #Outfit #GeekStyle #Videojuegos #RetroGaming #Gamers #AnimeStyle #Tshirts #Ootd #FashionMX #PanditaMX #Mexico<\/p>\n<\/div>\n<\/div>\n<div class=\"x14z9mp xat24cr x1lziwak x1vvkbs xtlvy1s x126k92a\"><\/div>\n","protected":false},"excerpt":{"rendered":"<p>Nuevo drop en Pandita.mx \ud83d\udd25Revive la nostalgia gamer con esta playera exclusiva inspirada en Super Punch-Out!! \ud83d\udca5 donde el cl\u00e1sico Little Mac se enfrenta al campe\u00f3n Canelo \u00c1lvarez \ud83e\udd4a.Un dise\u00f1o \u00fanico para los fans del boxeo, los videojuegos retro y la moda urbana. \ud83d\udc55\u2728 \ud83d\udc49 Disponible ya en Pandita.mx\u26a1 Calidad premium | Estampado duradero | [&hellip;]<\/p>\n","protected":false},"featured_media":39194,"comment_status":"open","ping_status":"closed","template":"","meta":{"_et_pb_use_builder":"","_et_pb_old_content":"","_et_gb_content_width":""},"product_cat":[23,87],"product_tag":[],"class_list":{"0":"post-39193","1":"product","2":"type-product","3":"status-publish","4":"has-post-thumbnail","6":"product_cat-deportes","7":"product_cat-sportdestac","9":"first","10":"instock","11":"shipping-taxable","12":"purchasable","13":"product-type-simple"},"_links":{"self":[{"href":"https:\/\/pandita.mx\/index.php\/wp-json\/wp\/v2\/product\/39193","targetHints":{"allow":["GET"]}}],"collection":[{"href":"https:\/\/pandita.mx\/index.php\/wp-json\/wp\/v2\/product"}],"about":[{"href":"https:\/\/pandita.mx\/index.php\/wp-json\/wp\/v2\/types\/product"}],"replies":[{"embeddable":true,"href":"https:\/\/pandita.mx\/index.php\/wp-json\/wp\/v2\/comments?post=39193"}],"wp:featuredmedia":[{"embeddable":true,"href":"https:\/\/pandita.mx\/index.php\/wp-json\/wp\/v2\/media\/39194"}],"wp:attachment":[{"href":"https:\/\/pandita.mx\/index.php\/wp-json\/wp\/v2\/media?parent=39193"}],"wp:term":[{"taxonomy":"product_cat","embeddable":true,"href":"https:\/\/pandita.mx\/index.php\/wp-json\/wp\/v2\/product_cat?post=39193"},{"taxonomy":"product_tag","embeddable":true,"href":"https:\/\/pandita.mx\/index.php\/wp-json\/wp\/v2\/product_tag?post=39193"}],"curies":[{"name":"wp","href":"https:\/\/api.w.org\/{rel}","templated":true}]}}