{"id":38062,"date":"2025-06-03T06:44:52","date_gmt":"2025-06-03T04:44:52","guid":{"rendered":"https:\/\/pandita.mx\/?post_type=product&#038;p=38062"},"modified":"2025-06-03T06:48:44","modified_gmt":"2025-06-03T04:48:44","slug":"papa-eresa-toda-maquina-cruz-azul","status":"publish","type":"product","link":"https:\/\/pandita.mx\/index.php\/producto\/papa-eresa-toda-maquina-cruz-azul\/","title":{"rendered":"Pap\u00e1 eresa toda m\u00e1quina Cruz Azul"},"content":{"rendered":"<p data-start=\"228\" data-end=\"294\">\u26bd\ufe0f <strong data-start=\"231\" data-end=\"287\">Colecci\u00f3n D\u00eda del Padre \u2013 \u201cPap\u00e1, t\u00fa eres el campe\u00f3n\u201d<\/strong> \ud83c\udfc6\ud83d\udc5f<\/p>\n<p data-start=\"296\" data-end=\"562\">Este D\u00eda del Padre, <strong data-start=\"316\" data-end=\"347\">celebra al crack de tu vida<\/strong> con nuestras playeras inspiradas en los <strong data-start=\"388\" data-end=\"413\">equipos de la Liga MX<\/strong>, con un dise\u00f1o especial que grita: <strong data-start=\"449\" data-end=\"479\">\u00abPap\u00e1, t\u00fa eres el campe\u00f3n\u00bb<\/strong>. Porque pap\u00e1 no solo es tu \u00eddolo en casa, tambi\u00e9n lo es en la cancha de la vida.<\/p>\n<p data-start=\"564\" data-end=\"768\">\ud83d\udc99 Ya sea que le vaya a <strong data-start=\"588\" data-end=\"666\">Chivas, Am\u00e9rica, Tigres, Rayados, Pumas, Cruz Azul o cualquier otro equipo<\/strong>, tenemos un dise\u00f1o con los colores de su pasi\u00f3n y una frase que lo har\u00e1 sentirse como en una final.<\/p>\n<p data-start=\"770\" data-end=\"956\">\ud83d\udcaf <strong data-start=\"773\" data-end=\"793\">Caracter\u00edsticas:<\/strong><br data-start=\"793\" data-end=\"796\" \/>\u2705 Dise\u00f1os con escudos, colores y estilos de cada equipo<br data-start=\"851\" data-end=\"854\" \/>\u2705 Frases emotivas y futboleras para pap\u00e1<br data-start=\"894\" data-end=\"897\" \/>\u2705 Tela c\u00f3moda y resistente para usar en cualquier ocasi\u00f3n<\/p>\n<p data-start=\"958\" data-end=\"1043\">\ud83d\udce6 <strong data-start=\"961\" data-end=\"985\">Env\u00edos a todo M\u00e9xico<\/strong><br data-start=\"985\" data-end=\"988\" \/>\ud83d\udccd <strong data-start=\"991\" data-end=\"1041\">Entregas locales disponibles en Aguascalientes<\/strong><\/p>\n<p data-start=\"1045\" data-end=\"1147\">\ud83d\uded2 <strong data-start=\"1048\" data-end=\"1145\">Compra ahora en <a class=\"\" href=\"https:\/\/pandita.mx\" target=\"_new\" rel=\"noopener\" data-start=\"1066\" data-end=\"1098\">pandita.mx<\/a> y reg\u00e1lale a tu pap\u00e1 su t\u00edtulo m\u00e1s especial.<\/strong><\/p>\n<p data-start=\"1149\" data-end=\"1317\">\ud83d\udd0d <strong data-start=\"1152\" data-end=\"1317\">#Pap\u00e1T\u00faEresElCampe\u00f3n #D\u00edaDelPadre #LigaMX #Pap\u00e1Futbolero #PlayerasDeF\u00fatbol #Afici\u00f3nMX #Pap\u00e1Fan\u00e1tico #F\u00fatbolMexicano #PanditaMX #Aguascalientes #Env\u00edosATodoM\u00e9xico #Serigraf\u00eda<\/strong><\/p>\n","protected":false},"excerpt":{"rendered":"<p>\u26bd\ufe0f Colecci\u00f3n D\u00eda del Padre \u2013 \u201cPap\u00e1, t\u00fa eres el campe\u00f3n\u201d \ud83c\udfc6\ud83d\udc5f Este D\u00eda del Padre, celebra al crack de tu vida con nuestras playeras inspiradas en los equipos de la Liga MX, con un dise\u00f1o especial que grita: \u00abPap\u00e1, t\u00fa eres el campe\u00f3n\u00bb. Porque pap\u00e1 no solo es tu \u00eddolo en casa, tambi\u00e9n lo [&hellip;]<\/p>\n","protected":false},"featured_media":38032,"comment_status":"open","ping_status":"closed","template":"","meta":{"_et_pb_use_builder":"","_et_pb_old_content":"","_et_gb_content_width":""},"product_cat":[232,236],"product_tag":[],"class_list":{"0":"post-38062","1":"product","2":"type-product","3":"status-publish","4":"has-post-thumbnail","6":"product_cat-dia-del-padre-destacado","7":"product_cat-dia-del-padre-liga-mx","9":"first","10":"instock","11":"shipping-taxable","12":"purchasable","13":"product-type-variable"},"_links":{"self":[{"href":"https:\/\/pandita.mx\/index.php\/wp-json\/wp\/v2\/product\/38062","targetHints":{"allow":["GET"]}}],"collection":[{"href":"https:\/\/pandita.mx\/index.php\/wp-json\/wp\/v2\/product"}],"about":[{"href":"https:\/\/pandita.mx\/index.php\/wp-json\/wp\/v2\/types\/product"}],"replies":[{"embeddable":true,"href":"https:\/\/pandita.mx\/index.php\/wp-json\/wp\/v2\/comments?post=38062"}],"wp:featuredmedia":[{"embeddable":true,"href":"https:\/\/pandita.mx\/index.php\/wp-json\/wp\/v2\/media\/38032"}],"wp:attachment":[{"href":"https:\/\/pandita.mx\/index.php\/wp-json\/wp\/v2\/media?parent=38062"}],"wp:term":[{"taxonomy":"product_cat","embeddable":true,"href":"https:\/\/pandita.mx\/index.php\/wp-json\/wp\/v2\/product_cat?post=38062"},{"taxonomy":"product_tag","embeddable":true,"href":"https:\/\/pandita.mx\/index.php\/wp-json\/wp\/v2\/product_tag?post=38062"}],"curies":[{"name":"wp","href":"https:\/\/api.w.org\/{rel}","templated":true}]}}