{"id":37972,"date":"2025-06-03T06:34:57","date_gmt":"2025-06-03T04:34:57","guid":{"rendered":"https:\/\/pandita.mx\/?post_type=product&#038;p=37972"},"modified":"2025-06-03T06:37:39","modified_gmt":"2025-06-03T04:37:39","slug":"homero-papa-rockero","status":"publish","type":"product","link":"https:\/\/pandita.mx\/index.php\/producto\/homero-papa-rockero\/","title":{"rendered":"Homero Pap\u00e1 Rockero"},"content":{"rendered":"<p data-start=\"196\" data-end=\"274\">\ud83c\udf69\ud83d\udc9b <strong data-start=\"201\" data-end=\"260\">Colecci\u00f3n D\u00eda del Padre \u2013 \u00a1Homero, el pap\u00e1 m\u00e1s ic\u00f3nico!<\/strong> \ud83d\udecb\ufe0f\ud83d\udc68\u200d\ud83d\udc67\u200d\ud83d\udc66<\/p>\n<p data-start=\"276\" data-end=\"415\">Este D\u00eda del Padre, rinde homenaje al rey del sof\u00e1, al amante de las donas y al pap\u00e1 m\u00e1s divertido de la televisi\u00f3n: <strong data-start=\"393\" data-end=\"413\">\u00a1Homero Simpson!<\/strong><\/p>\n<p data-start=\"417\" data-end=\"609\">Nuestra colecci\u00f3n especial de <strong data-start=\"447\" data-end=\"475\">playeras de Los Simpsons<\/strong> est\u00e1 dedicada a todos esos pap\u00e1s que, como Homero, tienen su propio estilo para demostrar amor: con torpeza, risa\u2026 y mucho coraz\u00f3n.<\/p>\n<p data-start=\"611\" data-end=\"746\">\ud83d\udcac Con frases como:<br data-start=\"630\" data-end=\"633\" \/>\ud83d\udfe1 <em data-start=\"636\" data-end=\"663\">\u201cEres mi Homero favorito\u201d<\/em><br data-start=\"663\" data-end=\"666\" \/>\ud83d\udfe1 <em data-start=\"669\" data-end=\"708\">\u201cPap\u00e1, t\u00fa s\u00ed sabes disfrutar la vida\u201d<\/em><br data-start=\"708\" data-end=\"711\" \/>\ud83d\udfe1 <em data-start=\"714\" data-end=\"744\">\u201cPap\u00e1 nivel: Homero Simpson\u201d<\/em><\/p>\n<p data-start=\"748\" data-end=\"922\">\ud83d\udcaf <strong data-start=\"751\" data-end=\"771\">Caracter\u00edsticas:<\/strong><br data-start=\"771\" data-end=\"774\" \/>\u2705 Dise\u00f1os exclusivos y divertidos inspirados en Homero<br data-start=\"828\" data-end=\"831\" \/>\u2705 Tela suave, fresca y de alta calidad<br data-start=\"869\" data-end=\"872\" \/>\u2705 Modelos para pap\u00e1s modernos y fans de la serie<\/p>\n<p data-start=\"924\" data-end=\"999\">\ud83d\udce6 <strong data-start=\"927\" data-end=\"951\">Env\u00edos a todo M\u00e9xico<\/strong><br data-start=\"951\" data-end=\"954\" \/>\ud83d\udccd <strong data-start=\"957\" data-end=\"997\">Y entregas locales en Aguascalientes<\/strong><\/p>\n<p data-start=\"1001\" data-end=\"1116\">\ud83d\uded2 <strong data-start=\"1004\" data-end=\"1114\">Ya disponibles en <a class=\"\" href=\"https:\/\/pandita.mx\" target=\"_new\" rel=\"noopener\" data-start=\"1024\" data-end=\"1056\">pandita.mx<\/a> \u2013 \u00a1Haz re\u00edr (y llorar poquito) a pap\u00e1 este 16 de junio!<\/strong><\/p>\n<p data-start=\"1118\" data-end=\"1294\">\ud83d\udd0d <strong data-start=\"1121\" data-end=\"1294\">#HomeroSimpson #D\u00edaDelPadre #Pap\u00e1Simpson #PlayerasDePap\u00e1 #SimpsonsM\u00e9xico #RegaloParaPap\u00e1 #HumorYCoraz\u00f3n #Pap\u00e1AlEstiloHomero #PanditaMX #Aguascalientes #Env\u00edosATodoM\u00e9xico #Serigraf\u00eda<\/strong><\/p>\n","protected":false},"excerpt":{"rendered":"<p>\ud83c\udf69\ud83d\udc9b Colecci\u00f3n D\u00eda del Padre \u2013 \u00a1Homero, el pap\u00e1 m\u00e1s ic\u00f3nico! \ud83d\udecb\ufe0f\ud83d\udc68\u200d\ud83d\udc67\u200d\ud83d\udc66 Este D\u00eda del Padre, rinde homenaje al rey del sof\u00e1, al amante de las donas y al pap\u00e1 m\u00e1s divertido de la televisi\u00f3n: \u00a1Homero Simpson! Nuestra colecci\u00f3n especial de playeras de Los Simpsons est\u00e1 dedicada a todos esos pap\u00e1s que, como Homero, tienen [&hellip;]<\/p>\n","protected":false},"featured_media":37925,"comment_status":"open","ping_status":"closed","template":"","meta":{"_et_pb_use_builder":"","_et_pb_old_content":"","_et_gb_content_width":""},"product_cat":[232,235],"product_tag":[],"class_list":{"0":"post-37972","1":"product","2":"type-product","3":"status-publish","4":"has-post-thumbnail","6":"product_cat-dia-del-padre-destacado","7":"product_cat-dia-del-padre-simpson","9":"first","10":"instock","11":"shipping-taxable","12":"purchasable","13":"product-type-variable"},"_links":{"self":[{"href":"https:\/\/pandita.mx\/index.php\/wp-json\/wp\/v2\/product\/37972","targetHints":{"allow":["GET"]}}],"collection":[{"href":"https:\/\/pandita.mx\/index.php\/wp-json\/wp\/v2\/product"}],"about":[{"href":"https:\/\/pandita.mx\/index.php\/wp-json\/wp\/v2\/types\/product"}],"replies":[{"embeddable":true,"href":"https:\/\/pandita.mx\/index.php\/wp-json\/wp\/v2\/comments?post=37972"}],"wp:featuredmedia":[{"embeddable":true,"href":"https:\/\/pandita.mx\/index.php\/wp-json\/wp\/v2\/media\/37925"}],"wp:attachment":[{"href":"https:\/\/pandita.mx\/index.php\/wp-json\/wp\/v2\/media?parent=37972"}],"wp:term":[{"taxonomy":"product_cat","embeddable":true,"href":"https:\/\/pandita.mx\/index.php\/wp-json\/wp\/v2\/product_cat?post=37972"},{"taxonomy":"product_tag","embeddable":true,"href":"https:\/\/pandita.mx\/index.php\/wp-json\/wp\/v2\/product_tag?post=37972"}],"curies":[{"name":"wp","href":"https:\/\/api.w.org\/{rel}","templated":true}]}}