{"id":37881,"date":"2025-06-03T06:24:54","date_gmt":"2025-06-03T04:24:54","guid":{"rendered":"https:\/\/pandita.mx\/?post_type=product&#038;p=37881"},"modified":"2025-06-03T06:28:19","modified_gmt":"2025-06-03T04:28:19","slug":"papa-only-you","status":"publish","type":"product","link":"https:\/\/pandita.mx\/index.php\/producto\/papa-only-you\/","title":{"rendered":"Pap\u00e1 Only You"},"content":{"rendered":"<p data-start=\"194\" data-end=\"308\">\ud83d\udc68\u200d\ud83d\udc67\u200d\ud83d\udc66 <strong data-start=\"203\" data-end=\"239\">Only You \u2013 Edici\u00f3n D\u00eda del Padre<\/strong> \ud83d\udc99<br data-start=\"242\" data-end=\"245\" \/>\ud83d\udcf8 <strong data-start=\"248\" data-end=\"308\">Playeras con collage de momentos que cuentan tu historia<\/strong><\/p>\n<p data-start=\"310\" data-end=\"658\">Este D\u00eda del Padre, celebra al h\u00e9roe que siempre ha estado contigo con nuestras <strong data-start=\"390\" data-end=\"435\">playeras personalizadas estilo \u00abOnly You\u00bb<\/strong>, una colecci\u00f3n llena de sentimiento y estilo. Cada dise\u00f1o incluye un <strong data-start=\"505\" data-end=\"534\">collage de fotos emotivas<\/strong>, capturando momentos \u00fanicos entre pap\u00e1s e hij@s: risas, abrazos, juegos y recuerdos que merecen ser llevados con orgullo.<\/p>\n<p data-start=\"660\" data-end=\"722\">\ud83c\udf81 <strong data-start=\"663\" data-end=\"720\">Perfectas para regalar y conmover el coraz\u00f3n de pap\u00e1.<\/strong><\/p>\n<p data-start=\"724\" data-end=\"973\">\ud83d\udcaf <strong data-start=\"727\" data-end=\"747\">Caracter\u00edsticas:<\/strong><br data-start=\"747\" data-end=\"750\" \/>\u2705 Dise\u00f1os tipo collage con fotos conmovedoras y frases especiales<br data-start=\"815\" data-end=\"818\" \/>\u2705 Personalizables con tus propias fotos (opcional)<br data-start=\"868\" data-end=\"871\" \/>\u2705 Tela suave, fresca y duradera<br data-start=\"902\" data-end=\"905\" \/>\u2705 Ideal para usar el D\u00eda del Padre o en cualquier ocasi\u00f3n especial<\/p>\n<p data-start=\"975\" data-end=\"1069\">\ud83d\udce6 <strong data-start=\"978\" data-end=\"1010\">Hacemos env\u00edos a todo M\u00e9xico<\/strong><br data-start=\"1010\" data-end=\"1013\" \/>\ud83d\udccd <strong data-start=\"1016\" data-end=\"1067\">Y entregamos en varios puntos de Aguascalientes<\/strong><\/p>\n<p data-start=\"1071\" data-end=\"1178\">\ud83d\uded2 <strong data-start=\"1074\" data-end=\"1176\">Disponible solo en <a class=\"\" href=\"https:\/\/pandita.mx\" target=\"_new\" rel=\"noopener\" data-start=\"1095\" data-end=\"1127\">pandita.mx<\/a> \u2013 Regala un recuerdo que se lleva en el pecho.<\/strong><\/p>\n<p data-start=\"1180\" data-end=\"1358\">\ud83d\udd0d <strong data-start=\"1183\" data-end=\"1358\">#OnlyYou #D\u00edaDelPadre #PlayerasConFotos #Pap\u00e1Es\u00danico #RegaloConSentido #Pap\u00e1EHijx #PlayerasPersonalizadas #MomentosEspeciales #PanditaMX #Aguascalientes #Env\u00edosATodoM\u00e9xico #Serigraf\u00eda<\/strong><\/p>\n","protected":false},"excerpt":{"rendered":"<p>\ud83d\udc68\u200d\ud83d\udc67\u200d\ud83d\udc66 Only You \u2013 Edici\u00f3n D\u00eda del Padre \ud83d\udc99\ud83d\udcf8 Playeras con collage de momentos que cuentan tu historia Este D\u00eda del Padre, celebra al h\u00e9roe que siempre ha estado contigo con nuestras playeras personalizadas estilo \u00abOnly You\u00bb, una colecci\u00f3n llena de sentimiento y estilo. Cada dise\u00f1o incluye un collage de fotos emotivas, capturando momentos \u00fanicos [&hellip;]<\/p>\n","protected":false},"featured_media":37871,"comment_status":"open","ping_status":"closed","template":"","meta":{"_et_pb_use_builder":"","_et_pb_old_content":"","_et_gb_content_width":""},"product_cat":[234],"product_tag":[],"class_list":{"0":"post-37881","1":"product","2":"type-product","3":"status-publish","4":"has-post-thumbnail","6":"product_cat-dia-del-padre-only-you","8":"first","9":"instock","10":"shipping-taxable","11":"purchasable","12":"product-type-variable"},"_links":{"self":[{"href":"https:\/\/pandita.mx\/index.php\/wp-json\/wp\/v2\/product\/37881","targetHints":{"allow":["GET"]}}],"collection":[{"href":"https:\/\/pandita.mx\/index.php\/wp-json\/wp\/v2\/product"}],"about":[{"href":"https:\/\/pandita.mx\/index.php\/wp-json\/wp\/v2\/types\/product"}],"replies":[{"embeddable":true,"href":"https:\/\/pandita.mx\/index.php\/wp-json\/wp\/v2\/comments?post=37881"}],"wp:featuredmedia":[{"embeddable":true,"href":"https:\/\/pandita.mx\/index.php\/wp-json\/wp\/v2\/media\/37871"}],"wp:attachment":[{"href":"https:\/\/pandita.mx\/index.php\/wp-json\/wp\/v2\/media?parent=37881"}],"wp:term":[{"taxonomy":"product_cat","embeddable":true,"href":"https:\/\/pandita.mx\/index.php\/wp-json\/wp\/v2\/product_cat?post=37881"},{"taxonomy":"product_tag","embeddable":true,"href":"https:\/\/pandita.mx\/index.php\/wp-json\/wp\/v2\/product_tag?post=37881"}],"curies":[{"name":"wp","href":"https:\/\/api.w.org\/{rel}","templated":true}]}}