{"id":37806,"date":"2025-06-03T06:14:04","date_gmt":"2025-06-03T04:14:04","guid":{"rendered":"https:\/\/pandita.mx\/?post_type=product&#038;p=37806"},"modified":"2025-06-03T06:22:08","modified_gmt":"2025-06-03T04:22:08","slug":"papa-eres-mi-super-guerrero-green-bay","status":"publish","type":"product","link":"https:\/\/pandita.mx\/index.php\/producto\/papa-eres-mi-super-guerrero-green-bay\/","title":{"rendered":"Pap\u00e1 eres mi super guerrero Green Bay"},"content":{"rendered":"<p data-start=\"189\" data-end=\"260\">\ud83c\udfc8 <strong data-start=\"192\" data-end=\"255\">Colecci\u00f3n NFL \u2013 Dedicada para ti que lo llevas en la sangre<\/strong> \ud83d\udd25<\/p>\n<p data-start=\"262\" data-end=\"432\">Si el f\u00fatbol americano es tu pasi\u00f3n, esta colecci\u00f3n es para ti. Nuestras <strong data-start=\"335\" data-end=\"380\">playeras con dise\u00f1os exclusivos de la NFL<\/strong> vienen acompa\u00f1adas de frases personalizadas como:<\/p>\n<p data-start=\"434\" data-end=\"574\">\ud83d\udca5 <em data-start=\"437\" data-end=\"484\">\u201cPara eres de los que nunca sueltan el bal\u00f3n\u201d<\/em><br data-start=\"484\" data-end=\"487\" \/>\ud83d\udca5 <em data-start=\"490\" data-end=\"528\">\u201cPara eres m\u00e1s fuerte que un tacleo\u201d<\/em><br data-start=\"528\" data-end=\"531\" \/>\ud83d\udca5 <em data-start=\"534\" data-end=\"572\">\u201cPara eres el MVP de esta temporada\u201d<\/em><\/p>\n<p data-start=\"576\" data-end=\"754\">Inspiradas en los colores, la energ\u00eda y la entrega de los equipos m\u00e1s ic\u00f3nicos, estas playeras son el regalo perfecto o el detalle ideal para quien vive con pasi\u00f3n cada jugada.<\/p>\n<p data-start=\"756\" data-end=\"944\">\ud83d\udcaf <strong data-start=\"759\" data-end=\"779\">Caracter\u00edsticas:<\/strong><br data-start=\"779\" data-end=\"782\" \/>\u2705 Dise\u00f1os originales con frases poderosas y motivadoras<br data-start=\"837\" data-end=\"840\" \/>\u2705 Inspirados en equipos y momentos NFL legendarios<br data-start=\"890\" data-end=\"893\" \/>\u2705 Tela c\u00f3moda y resistente para toda la temporada<\/p>\n<p data-start=\"946\" data-end=\"1019\">\ud83d\udce6 <strong data-start=\"949\" data-end=\"973\">Env\u00edos a todo M\u00e9xico<\/strong><br data-start=\"973\" data-end=\"976\" \/>\ud83d\udccd <strong data-start=\"979\" data-end=\"1017\">Entregas locales en Aguascalientes<\/strong><\/p>\n<p data-start=\"1021\" data-end=\"1113\">\ud83d\uded2 <strong data-start=\"1024\" data-end=\"1111\">Exclusivas en <a class=\"\" href=\"https:\/\/pandita.mx\" target=\"_new\" rel=\"noopener\" data-start=\"1040\" data-end=\"1072\">pandita.mx<\/a> \u2013 \u00a1V\u00edstete como juegas: con coraz\u00f3n!<\/strong><\/p>\n<p data-start=\"1115\" data-end=\"1267\">\ud83d\udd0d <strong data-start=\"1118\" data-end=\"1267\">#NFLM\u00e9xico #FanDeLaNFL #PlayerasNFL #Dise\u00f1osConFrase #ParaEres #F\u00fatbolAmericano #RopaDeFan #ModaNFL #PanditaMX #Aguascalientes #Env\u00edosATodoM\u00e9xico<\/strong><\/p>\n<p data-start=\"185\" data-end=\"250\"><strong data-start=\"1108\" data-end=\"1270\">ntes #Env\u00edosATodoM\u00e9xico #PadreEHijx #Serigrafia<\/strong><\/p>\n","protected":false},"excerpt":{"rendered":"<p>\ud83c\udfc8 Colecci\u00f3n NFL \u2013 Dedicada para ti que lo llevas en la sangre \ud83d\udd25 Si el f\u00fatbol americano es tu pasi\u00f3n, esta colecci\u00f3n es para ti. Nuestras playeras con dise\u00f1os exclusivos de la NFL vienen acompa\u00f1adas de frases personalizadas como: \ud83d\udca5 \u201cPara eres de los que nunca sueltan el bal\u00f3n\u201d\ud83d\udca5 \u201cPara eres m\u00e1s fuerte que [&hellip;]<\/p>\n","protected":false},"featured_media":37749,"comment_status":"open","ping_status":"closed","template":"","meta":{"_et_pb_use_builder":"","_et_pb_old_content":"","_et_gb_content_width":""},"product_cat":[232,233],"product_tag":[],"class_list":{"0":"post-37806","1":"product","2":"type-product","3":"status-publish","4":"has-post-thumbnail","6":"product_cat-dia-del-padre-destacado","7":"product_cat-dia-del-padre-nfl","9":"first","10":"instock","11":"shipping-taxable","12":"purchasable","13":"product-type-variable"},"_links":{"self":[{"href":"https:\/\/pandita.mx\/index.php\/wp-json\/wp\/v2\/product\/37806","targetHints":{"allow":["GET"]}}],"collection":[{"href":"https:\/\/pandita.mx\/index.php\/wp-json\/wp\/v2\/product"}],"about":[{"href":"https:\/\/pandita.mx\/index.php\/wp-json\/wp\/v2\/types\/product"}],"replies":[{"embeddable":true,"href":"https:\/\/pandita.mx\/index.php\/wp-json\/wp\/v2\/comments?post=37806"}],"wp:featuredmedia":[{"embeddable":true,"href":"https:\/\/pandita.mx\/index.php\/wp-json\/wp\/v2\/media\/37749"}],"wp:attachment":[{"href":"https:\/\/pandita.mx\/index.php\/wp-json\/wp\/v2\/media?parent=37806"}],"wp:term":[{"taxonomy":"product_cat","embeddable":true,"href":"https:\/\/pandita.mx\/index.php\/wp-json\/wp\/v2\/product_cat?post=37806"},{"taxonomy":"product_tag","embeddable":true,"href":"https:\/\/pandita.mx\/index.php\/wp-json\/wp\/v2\/product_tag?post=37806"}],"curies":[{"name":"wp","href":"https:\/\/api.w.org\/{rel}","templated":true}]}}