{"id":37448,"date":"2025-06-03T03:37:14","date_gmt":"2025-06-03T01:37:14","guid":{"rendered":"https:\/\/pandita.mx\/?post_type=product&#038;p=37448"},"modified":"2025-06-03T05:46:08","modified_gmt":"2025-06-03T03:46:08","slug":"deadpool-soy-un-unicornio","status":"publish","type":"product","link":"https:\/\/pandita.mx\/index.php\/producto\/deadpool-soy-un-unicornio\/","title":{"rendered":"Deadpool soy un unicornio"},"content":{"rendered":"<p data-start=\"185\" data-end=\"250\">\ud83e\uddb8\u200d\u2642\ufe0f <strong data-start=\"191\" data-end=\"237\">Superh\u00e9roes de Verdad<\/strong> \ud83d\udca5\ud83d\udc68\u200d\ud83d\udc67\u200d\ud83d\udc66<\/p>\n<p data-start=\"252\" data-end=\"498\">Celebra al verdadero h\u00e9roe de tu vida con nuestras playeras especiales del <strong data-start=\"327\" data-end=\"344\">D\u00eda del Padre<\/strong>, donde <strong data-start=\"352\" data-end=\"409\">superh\u00e9roes ic\u00f3nicos aparecen junto a sus hijos, personalizamos los dise\u00f1os con los nombres y personajes de los hij@s.<\/strong><\/p>\n<p data-start=\"252\" data-end=\"498\">\u2728 Ironma, Spiderman, Batman, Superman, Wolverine, Goku, Vegeta, Mike Myers, Scream, Jason, Hulk\u00a0 y muchos m\u00e1s, ahora acompa\u00f1ados de sus peque\u00f1os sidekicks en dise\u00f1os llenos de amor, fuerza y complicidad.<\/p>\n<p data-start=\"643\" data-end=\"783\">\ud83d\udcaf <strong data-start=\"646\" data-end=\"665\">Perfectas para:<\/strong><br data-start=\"665\" data-end=\"668\" \/>\u2705 Regalar este D\u00eda del Padre \ud83c\udf81<br data-start=\"699\" data-end=\"702\" \/>\u2705 Usar en sesiones de fotos familiares \ud83d\udcf8<br data-start=\"743\" data-end=\"746\" \/>\u2705 Salir juntos con estilo y orgullo<\/p>\n<p data-start=\"785\" data-end=\"918\">\ud83d\udc55 <strong data-start=\"788\" data-end=\"808\">Caracter\u00edsticas:<\/strong><br data-start=\"808\" data-end=\"811\" \/>\u2705 Dise\u00f1os tiernos y poderosos<br data-start=\"840\" data-end=\"843\" \/>\u2705 Material suave, fresco y de alta calidad<br data-start=\"885\" data-end=\"888\" \/>\u2705 Modelos para pap\u00e1s e hij@s<\/p>\n<p data-start=\"920\" data-end=\"1009\">\ud83d\udce6 <strong data-start=\"923\" data-end=\"947\">Env\u00edos a todo M\u00e9xico<\/strong><br data-start=\"947\" data-end=\"950\" \/>\ud83d\udccd <strong data-start=\"953\" data-end=\"1007\">Y entrega local en varios puntos de Aguascalientes<\/strong><\/p>\n<p data-start=\"1011\" data-end=\"1103\">\ud83d\uded2 <strong data-start=\"1014\" data-end=\"1101\">Disponible ahora en <a class=\"\" href=\"https:\/\/pandita.mx\" target=\"_new\" rel=\"noopener\" data-start=\"1036\" data-end=\"1068\">pandita.mx<\/a>. \u00a1Regala poder, amor y estilo!<\/strong><\/p>\n<p data-start=\"1105\" data-end=\"1270\">\ud83d\udd0d <strong data-start=\"1108\" data-end=\"1270\">#D\u00edaDelPadre #SuperPap\u00e1 #Pap\u00e1YYo #PadresConEstilo #PlayerasFamiliares #RegaloParaPap\u00e1 #Pap\u00e1EsUnH\u00e9roe #PanditaMX #Aguascalientes #Env\u00edosATodoM\u00e9xico #PadreEHijx #Serigrafia<\/strong><\/p>\n","protected":false},"excerpt":{"rendered":"<p>\ud83e\uddb8\u200d\u2642\ufe0f Superh\u00e9roes de Verdad \ud83d\udca5\ud83d\udc68\u200d\ud83d\udc67\u200d\ud83d\udc66 Celebra al verdadero h\u00e9roe de tu vida con nuestras playeras especiales del D\u00eda del Padre, donde superh\u00e9roes ic\u00f3nicos aparecen junto a sus hijos, personalizamos los dise\u00f1os con los nombres y personajes de los hij@s. \u2728 Ironma, Spiderman, Batman, Superman, Wolverine, Goku, Vegeta, Mike Myers, Scream, Jason, Hulk\u00a0 y muchos m\u00e1s, [&hellip;]<\/p>\n","protected":false},"featured_media":37177,"comment_status":"open","ping_status":"closed","template":"","meta":{"_et_pb_use_builder":"","_et_pb_old_content":"","_et_gb_content_width":""},"product_cat":[231],"product_tag":[],"class_list":{"0":"post-37448","1":"product","2":"type-product","3":"status-publish","4":"has-post-thumbnail","6":"product_cat-dia-del-padre-heroes","8":"first","9":"instock","10":"shipping-taxable","11":"purchasable","12":"product-type-variable"},"_links":{"self":[{"href":"https:\/\/pandita.mx\/index.php\/wp-json\/wp\/v2\/product\/37448","targetHints":{"allow":["GET"]}}],"collection":[{"href":"https:\/\/pandita.mx\/index.php\/wp-json\/wp\/v2\/product"}],"about":[{"href":"https:\/\/pandita.mx\/index.php\/wp-json\/wp\/v2\/types\/product"}],"replies":[{"embeddable":true,"href":"https:\/\/pandita.mx\/index.php\/wp-json\/wp\/v2\/comments?post=37448"}],"wp:featuredmedia":[{"embeddable":true,"href":"https:\/\/pandita.mx\/index.php\/wp-json\/wp\/v2\/media\/37177"}],"wp:attachment":[{"href":"https:\/\/pandita.mx\/index.php\/wp-json\/wp\/v2\/media?parent=37448"}],"wp:term":[{"taxonomy":"product_cat","embeddable":true,"href":"https:\/\/pandita.mx\/index.php\/wp-json\/wp\/v2\/product_cat?post=37448"},{"taxonomy":"product_tag","embeddable":true,"href":"https:\/\/pandita.mx\/index.php\/wp-json\/wp\/v2\/product_tag?post=37448"}],"curies":[{"name":"wp","href":"https:\/\/api.w.org\/{rel}","templated":true}]}}