{"id":37007,"date":"2025-05-27T02:24:02","date_gmt":"2025-05-27T00:24:02","guid":{"rendered":"https:\/\/pandita.mx\/?post_type=product&#038;p=37007"},"modified":"2025-05-27T04:09:42","modified_gmt":"2025-05-27T02:09:42","slug":"graduacion-paquete-2-copia","status":"publish","type":"product","link":"https:\/\/pandita.mx\/index.php\/producto\/graduacion-paquete-2-copia\/","title":{"rendered":"Graduaci\u00f3n Fotos Docentes"},"content":{"rendered":"<p data-start=\"199\" data-end=\"326\">\ud83d\udcf8 <strong data-start=\"202\" data-end=\"262\">Paquete Fotogr\u00e1fico Exclusivo para Docentes \u2013 pandita.mx<\/strong> \ud83c\udf4e<\/p>\n<p data-start=\"199\" data-end=\"326\">EXLUSIVO EN LA COMPRA DE CUALQUIER PAQUETE<\/p>\n<p data-start=\"199\" data-end=\"326\"><br data-start=\"265\" data-end=\"268\" \/>Porque su labor merece ser celebrada con orgullo y estilo.<\/p>\n<p data-start=\"328\" data-end=\"511\">En <strong data-start=\"331\" data-end=\"345\">pandita.mx<\/strong> reconocemos el esfuerzo, dedicaci\u00f3n y coraz\u00f3n que cada docente entrega. Por eso hemos creado un <strong data-start=\"442\" data-end=\"475\">paquete fotogr\u00e1fico exclusivo<\/strong> pensado especialmente para ustedes.<\/p>\n<p data-start=\"513\" data-end=\"528\">\ud83c\udf93 <strong data-start=\"516\" data-end=\"528\">Incluye:<\/strong><\/p>\n<p data-start=\"530\" data-end=\"756\">\u2705 <strong data-start=\"532\" data-end=\"579\">Sesi\u00f3n fotogr\u00e1fica creativa y personalizada<\/strong><br data-start=\"579\" data-end=\"582\" \/>\u2022 Espacio y ambientaci\u00f3n exclusiva para docentes<br data-start=\"630\" data-end=\"633\" \/>\u2022 Direcci\u00f3n profesional para capturar su esencia y vocaci\u00f3n<br data-start=\"692\" data-end=\"695\" \/>\u2022 Posibilidad de incluir elementos educativos y decorativos<\/p>\n<p data-start=\"758\" data-end=\"971\">\u2705 <b>Se entregan fotograf\u00edas en digital y con calidad HD\u00a0<\/b><br data-start=\"903\" data-end=\"906\" \/>\u2022 Ideales para compartir<\/p>\n<p data-start=\"1047\" data-end=\"1124\">\u2728 Un recuerdo digno de su trayectoria.<br data-start=\"1085\" data-end=\"1088\" \/>\ud83d\udcf7 <strong data-start=\"1091\" data-end=\"1124\">Disponible solo en pandita.mx<\/strong><\/p>\n","protected":false},"excerpt":{"rendered":"<p>\ud83d\udcf8 Paquete Fotogr\u00e1fico Exclusivo para Docentes \u2013 pandita.mx \ud83c\udf4e EXLUSIVO EN LA COMPRA DE CUALQUIER PAQUETE Porque su labor merece ser celebrada con orgullo y estilo. En pandita.mx reconocemos el esfuerzo, dedicaci\u00f3n y coraz\u00f3n que cada docente entrega. Por eso hemos creado un paquete fotogr\u00e1fico exclusivo pensado especialmente para ustedes. \ud83c\udf93 Incluye: \u2705 Sesi\u00f3n fotogr\u00e1fica [&hellip;]<\/p>\n","protected":false},"featured_media":37010,"comment_status":"open","ping_status":"closed","template":"","meta":{"_et_pb_use_builder":"","_et_pb_old_content":"","_et_gb_content_width":""},"product_cat":[230],"product_tag":[],"class_list":{"0":"post-37007","1":"product","2":"type-product","3":"status-publish","4":"has-post-thumbnail","6":"product_cat-08_graduacion","8":"first","9":"instock","10":"shipping-taxable","11":"purchasable","12":"product-type-simple"},"_links":{"self":[{"href":"https:\/\/pandita.mx\/index.php\/wp-json\/wp\/v2\/product\/37007","targetHints":{"allow":["GET"]}}],"collection":[{"href":"https:\/\/pandita.mx\/index.php\/wp-json\/wp\/v2\/product"}],"about":[{"href":"https:\/\/pandita.mx\/index.php\/wp-json\/wp\/v2\/types\/product"}],"replies":[{"embeddable":true,"href":"https:\/\/pandita.mx\/index.php\/wp-json\/wp\/v2\/comments?post=37007"}],"wp:featuredmedia":[{"embeddable":true,"href":"https:\/\/pandita.mx\/index.php\/wp-json\/wp\/v2\/media\/37010"}],"wp:attachment":[{"href":"https:\/\/pandita.mx\/index.php\/wp-json\/wp\/v2\/media?parent=37007"}],"wp:term":[{"taxonomy":"product_cat","embeddable":true,"href":"https:\/\/pandita.mx\/index.php\/wp-json\/wp\/v2\/product_cat?post=37007"},{"taxonomy":"product_tag","embeddable":true,"href":"https:\/\/pandita.mx\/index.php\/wp-json\/wp\/v2\/product_tag?post=37007"}],"curies":[{"name":"wp","href":"https:\/\/api.w.org\/{rel}","templated":true}]}}