{"id":37006,"date":"2025-05-27T02:23:58","date_gmt":"2025-05-27T00:23:58","guid":{"rendered":"https:\/\/pandita.mx\/?post_type=product&#038;p=37006"},"modified":"2025-05-27T04:01:34","modified_gmt":"2025-05-27T02:01:34","slug":"graduacion-fotos","status":"publish","type":"product","link":"https:\/\/pandita.mx\/index.php\/producto\/graduacion-fotos\/","title":{"rendered":"Graduaci\u00f3n Fotos"},"content":{"rendered":"<p data-start=\"157\" data-end=\"287\">\ud83d\udcf8 <strong data-start=\"160\" data-end=\"217\">Paquete de Fotograf\u00eda Escolar\/Graduaci\u00f3n \u2013 pandita.mx<\/strong> \ud83c\udf93<br data-start=\"220\" data-end=\"223\" \/>\u00a1Ll\u00e9vate los mejores recuerdos de tu graduaci\u00f3n en alta calidad!<\/p>\n<p data-start=\"289\" data-end=\"452\">En <strong data-start=\"292\" data-end=\"306\">pandita.mx<\/strong> te ofrecemos un <strong data-start=\"323\" data-end=\"358\">paquete fotogr\u00e1fico profesional<\/strong> ideal para capturar este momento tan especial con im\u00e1genes que conservar\u00e1s para toda la vida.<\/p>\n<p data-start=\"454\" data-end=\"469\">\ud83d\udce6 <strong data-start=\"457\" data-end=\"469\">Incluye:<\/strong><\/p>\n<p data-start=\"471\" data-end=\"587\">\u2705 <strong data-start=\"473\" data-end=\"500\">Foto grupal tama\u00f1o 6&#215;8\u201d<\/strong><br data-start=\"500\" data-end=\"503\" \/>\u2022 Impresa en papel fotogr\u00e1fico premium<br data-start=\"541\" data-end=\"544\" \/>\u2022 Con fondo institucional o personalizado<\/p>\n<p data-start=\"589\" data-end=\"676\">\u2705 <strong data-start=\"591\" data-end=\"622\">Foto individual tama\u00f1o 5&#215;7\u201d<\/strong><br data-start=\"622\" data-end=\"625\" \/>\u2022 Toma profesional, lista para enmarcar o regalar<\/p>\n<p data-start=\"678\" data-end=\"776\">\u2705 <strong data-start=\"680\" data-end=\"721\">12 fotos infantiles tama\u00f1o credencial<\/strong><br data-start=\"721\" data-end=\"724\" \/>\u2022 Perfectas para compartir con familiares y amigos<\/p>\n<p data-start=\"778\" data-end=\"927\">\ud83c\udf93 Ideal para preescolar, primaria, secundaria o cualquier nivel de graduaci\u00f3n.<br data-start=\"857\" data-end=\"860\" \/>\u2728 Entrega cuidada, calidad garantizada y dise\u00f1o acorde a tu evento.<\/p>\n<p data-start=\"929\" data-end=\"986\">\ud83d\udcf7 \u00a1Captura tus mejores recuerdos solo en <strong data-start=\"971\" data-end=\"985\">pandita.mx<\/strong>!<\/p>\n","protected":false},"excerpt":{"rendered":"<p>\ud83d\udcf8 Paquete de Fotograf\u00eda Escolar\/Graduaci\u00f3n \u2013 pandita.mx \ud83c\udf93\u00a1Ll\u00e9vate los mejores recuerdos de tu graduaci\u00f3n en alta calidad! En pandita.mx te ofrecemos un paquete fotogr\u00e1fico profesional ideal para capturar este momento tan especial con im\u00e1genes que conservar\u00e1s para toda la vida. \ud83d\udce6 Incluye: \u2705 Foto grupal tama\u00f1o 6&#215;8\u201d\u2022 Impresa en papel fotogr\u00e1fico premium\u2022 Con fondo institucional [&hellip;]<\/p>\n","protected":false},"featured_media":37009,"comment_status":"open","ping_status":"closed","template":"","meta":{"_et_pb_use_builder":"","_et_pb_old_content":"","_et_gb_content_width":""},"product_cat":[230],"product_tag":[],"class_list":{"0":"post-37006","1":"product","2":"type-product","3":"status-publish","4":"has-post-thumbnail","6":"product_cat-08_graduacion","8":"first","9":"instock","10":"shipping-taxable","11":"purchasable","12":"product-type-simple"},"_links":{"self":[{"href":"https:\/\/pandita.mx\/index.php\/wp-json\/wp\/v2\/product\/37006","targetHints":{"allow":["GET"]}}],"collection":[{"href":"https:\/\/pandita.mx\/index.php\/wp-json\/wp\/v2\/product"}],"about":[{"href":"https:\/\/pandita.mx\/index.php\/wp-json\/wp\/v2\/types\/product"}],"replies":[{"embeddable":true,"href":"https:\/\/pandita.mx\/index.php\/wp-json\/wp\/v2\/comments?post=37006"}],"wp:featuredmedia":[{"embeddable":true,"href":"https:\/\/pandita.mx\/index.php\/wp-json\/wp\/v2\/media\/37009"}],"wp:attachment":[{"href":"https:\/\/pandita.mx\/index.php\/wp-json\/wp\/v2\/media?parent=37006"}],"wp:term":[{"taxonomy":"product_cat","embeddable":true,"href":"https:\/\/pandita.mx\/index.php\/wp-json\/wp\/v2\/product_cat?post=37006"},{"taxonomy":"product_tag","embeddable":true,"href":"https:\/\/pandita.mx\/index.php\/wp-json\/wp\/v2\/product_tag?post=37006"}],"curies":[{"name":"wp","href":"https:\/\/api.w.org\/{rel}","templated":true}]}}