{"id":37003,"date":"2025-05-27T02:12:32","date_gmt":"2025-05-27T00:12:32","guid":{"rendered":"https:\/\/pandita.mx\/?post_type=product&#038;p=37003"},"modified":"2025-05-27T02:16:07","modified_gmt":"2025-05-27T00:16:07","slug":"folder-personalizado","status":"publish","type":"product","link":"https:\/\/pandita.mx\/index.php\/producto\/folder-personalizado\/","title":{"rendered":"Folder Personalizado"},"content":{"rendered":"<p data-start=\"156\" data-end=\"278\">\ud83c\udf93 <strong data-start=\"159\" data-end=\"210\">Folder Personalizado de Graduaci\u00f3n \u2013 pandita.mx<\/strong> \ud83c\udf93<br data-start=\"213\" data-end=\"216\" \/>Presenta tu constancia o diploma con elegancia y estilo \u00fanico.<\/p>\n<p data-start=\"280\" data-end=\"447\">En <strong data-start=\"283\" data-end=\"297\">pandita.mx<\/strong> dise\u00f1amos <strong data-start=\"308\" data-end=\"348\">folders personalizados de graduaci\u00f3n<\/strong> que combinan funcionalidad y dise\u00f1o, ideales para resguardar tu reconocimiento de manera especial.<\/p>\n<p data-start=\"449\" data-end=\"678\">Incluye:<br data-start=\"457\" data-end=\"460\" \/>\ud83d\udcc4 <strong data-start=\"463\" data-end=\"484\">Nombre del alumno<\/strong> y <strong data-start=\"487\" data-end=\"511\">nombre de la escuela<\/strong><br data-start=\"511\" data-end=\"514\" \/>\ud83c\udfeb <strong data-start=\"517\" data-end=\"556\">Escudo o logo escolar personalizado<\/strong><br data-start=\"556\" data-end=\"559\" \/>\ud83c\udfa8 <strong data-start=\"562\" data-end=\"612\">Dise\u00f1o a juego con los colores de tu ceremonia<\/strong><br data-start=\"612\" data-end=\"615\" \/>\ud83d\udcc1 Interior con espacio para diploma, constancia o fotograf\u00eda<\/p>\n<p data-start=\"680\" data-end=\"811\">Fabricado con materiales resistentes y acabados profesionales.<br data-start=\"742\" data-end=\"745\" \/>Perfecto para ceremonias escolares, recuerdos y entregas formales.<\/p>\n<p data-start=\"813\" data-end=\"872\">\u2728 Un detalle que hace la diferencia. Solo en <strong data-start=\"858\" data-end=\"872\">pandita.mx<\/strong><\/p>\n","protected":false},"excerpt":{"rendered":"<p>\ud83c\udf93 Folder Personalizado de Graduaci\u00f3n \u2013 pandita.mx \ud83c\udf93Presenta tu constancia o diploma con elegancia y estilo \u00fanico. En pandita.mx dise\u00f1amos folders personalizados de graduaci\u00f3n que combinan funcionalidad y dise\u00f1o, ideales para resguardar tu reconocimiento de manera especial. Incluye:\ud83d\udcc4 Nombre del alumno y nombre de la escuela\ud83c\udfeb Escudo o logo escolar personalizado\ud83c\udfa8 Dise\u00f1o a juego con [&hellip;]<\/p>\n","protected":false},"featured_media":36998,"comment_status":"open","ping_status":"closed","template":"","meta":{"_et_pb_use_builder":"","_et_pb_old_content":"","_et_gb_content_width":""},"product_cat":[230],"product_tag":[],"class_list":{"0":"post-37003","1":"product","2":"type-product","3":"status-publish","4":"has-post-thumbnail","6":"product_cat-08_graduacion","8":"first","9":"instock","10":"shipping-taxable","11":"purchasable","12":"product-type-simple"},"_links":{"self":[{"href":"https:\/\/pandita.mx\/index.php\/wp-json\/wp\/v2\/product\/37003","targetHints":{"allow":["GET"]}}],"collection":[{"href":"https:\/\/pandita.mx\/index.php\/wp-json\/wp\/v2\/product"}],"about":[{"href":"https:\/\/pandita.mx\/index.php\/wp-json\/wp\/v2\/types\/product"}],"replies":[{"embeddable":true,"href":"https:\/\/pandita.mx\/index.php\/wp-json\/wp\/v2\/comments?post=37003"}],"wp:featuredmedia":[{"embeddable":true,"href":"https:\/\/pandita.mx\/index.php\/wp-json\/wp\/v2\/media\/36998"}],"wp:attachment":[{"href":"https:\/\/pandita.mx\/index.php\/wp-json\/wp\/v2\/media?parent=37003"}],"wp:term":[{"taxonomy":"product_cat","embeddable":true,"href":"https:\/\/pandita.mx\/index.php\/wp-json\/wp\/v2\/product_cat?post=37003"},{"taxonomy":"product_tag","embeddable":true,"href":"https:\/\/pandita.mx\/index.php\/wp-json\/wp\/v2\/product_tag?post=37003"}],"curies":[{"name":"wp","href":"https:\/\/api.w.org\/{rel}","templated":true}]}}