{"id":37002,"date":"2025-05-27T02:12:28","date_gmt":"2025-05-27T00:12:28","guid":{"rendered":"https:\/\/pandita.mx\/?post_type=product&#038;p=37002"},"modified":"2025-05-27T02:15:12","modified_gmt":"2025-05-27T00:15:12","slug":"invitacion-sello-lacre","status":"publish","type":"product","link":"https:\/\/pandita.mx\/index.php\/producto\/invitacion-sello-lacre\/","title":{"rendered":"Invitaci\u00f3n Sello Lacre"},"content":{"rendered":"<p data-start=\"180\" data-end=\"314\">\ud83c\udf93 <strong data-start=\"183\" data-end=\"243\">Invitaci\u00f3n de Graduaci\u00f3n con Sello de Lacre \u2013 pandita.mx<\/strong> \u2728<br data-start=\"245\" data-end=\"248\" \/>Elegancia, tradici\u00f3n y un toque \u00fanico para anunciar tu gran logro.<\/p>\n<p data-start=\"316\" data-end=\"496\">En <strong data-start=\"319\" data-end=\"333\">pandita.mx<\/strong> te ofrecemos una <strong data-start=\"351\" data-end=\"393\">invitaci\u00f3n de graduaci\u00f3n personalizada<\/strong> con un hermoso <strong data-start=\"409\" data-end=\"427\">sello de lacre<\/strong>, ideal para quienes buscan una presentaci\u00f3n distinguida y memorable.<\/p>\n<p data-start=\"498\" data-end=\"740\">Incluye:<br data-start=\"506\" data-end=\"509\" \/>\ud83d\udcdc <strong data-start=\"512\" data-end=\"567\">Nombre del alumno y datos del evento personalizados<\/strong><br data-start=\"567\" data-end=\"570\" \/>\ud83c\udfa8 <strong data-start=\"573\" data-end=\"618\">Dise\u00f1o cl\u00e1sico o moderno, seg\u00fan tu estilo<\/strong><br data-start=\"618\" data-end=\"621\" \/>\ud83d\udd6f\ufe0f <strong data-start=\"625\" data-end=\"653\">Sello de lacre aut\u00e9ntico<\/strong> que aporta distinci\u00f3n y sofisticaci\u00f3n<br data-start=\"691\" data-end=\"694\" \/>\ud83d\udc8c Disponible en <strong data-start=\"711\" data-end=\"738\">formato impreso premium<\/strong><\/p>\n<p data-start=\"742\" data-end=\"814\">Perfecta para entregar personalmente y sorprender a quienes m\u00e1s quieres.<\/p>\n<p data-start=\"816\" data-end=\"908\">\ud83c\udf93 <strong data-start=\"819\" data-end=\"881\">Haz que tu invitaci\u00f3n sea tan especial como tu graduaci\u00f3n.<\/strong><br data-start=\"881\" data-end=\"884\" \/>\u2728 Solo en <strong data-start=\"894\" data-end=\"908\">pandita.mx<\/strong><\/p>\n","protected":false},"excerpt":{"rendered":"<p>\ud83c\udf93 Invitaci\u00f3n de Graduaci\u00f3n con Sello de Lacre \u2013 pandita.mx \u2728Elegancia, tradici\u00f3n y un toque \u00fanico para anunciar tu gran logro. En pandita.mx te ofrecemos una invitaci\u00f3n de graduaci\u00f3n personalizada con un hermoso sello de lacre, ideal para quienes buscan una presentaci\u00f3n distinguida y memorable. Incluye:\ud83d\udcdc Nombre del alumno y datos del evento personalizados\ud83c\udfa8 Dise\u00f1o [&hellip;]<\/p>\n","protected":false},"featured_media":36996,"comment_status":"open","ping_status":"closed","template":"","meta":{"_et_pb_use_builder":"","_et_pb_old_content":"","_et_gb_content_width":""},"product_cat":[230],"product_tag":[],"class_list":{"0":"post-37002","1":"product","2":"type-product","3":"status-publish","4":"has-post-thumbnail","6":"product_cat-08_graduacion","8":"first","9":"instock","10":"shipping-taxable","11":"purchasable","12":"product-type-simple"},"_links":{"self":[{"href":"https:\/\/pandita.mx\/index.php\/wp-json\/wp\/v2\/product\/37002","targetHints":{"allow":["GET"]}}],"collection":[{"href":"https:\/\/pandita.mx\/index.php\/wp-json\/wp\/v2\/product"}],"about":[{"href":"https:\/\/pandita.mx\/index.php\/wp-json\/wp\/v2\/types\/product"}],"replies":[{"embeddable":true,"href":"https:\/\/pandita.mx\/index.php\/wp-json\/wp\/v2\/comments?post=37002"}],"wp:featuredmedia":[{"embeddable":true,"href":"https:\/\/pandita.mx\/index.php\/wp-json\/wp\/v2\/media\/36996"}],"wp:attachment":[{"href":"https:\/\/pandita.mx\/index.php\/wp-json\/wp\/v2\/media?parent=37002"}],"wp:term":[{"taxonomy":"product_cat","embeddable":true,"href":"https:\/\/pandita.mx\/index.php\/wp-json\/wp\/v2\/product_cat?post=37002"},{"taxonomy":"product_tag","embeddable":true,"href":"https:\/\/pandita.mx\/index.php\/wp-json\/wp\/v2\/product_tag?post=37002"}],"curies":[{"name":"wp","href":"https:\/\/api.w.org\/{rel}","templated":true}]}}