{"id":37001,"date":"2025-05-27T02:12:24","date_gmt":"2025-05-27T00:12:24","guid":{"rendered":"https:\/\/pandita.mx\/?post_type=product&#038;p=37001"},"modified":"2025-05-27T02:14:03","modified_gmt":"2025-05-27T00:14:03","slug":"invitacion-birrete","status":"publish","type":"product","link":"https:\/\/pandita.mx\/index.php\/producto\/invitacion-birrete\/","title":{"rendered":"Invitaci\u00f3n Birrete"},"content":{"rendered":"<p data-start=\"156\" data-end=\"277\">\ud83c\udf93 <strong data-start=\"159\" data-end=\"222\">Invitaci\u00f3n de Graduaci\u00f3n con Dise\u00f1o de Birrete \u2013 pandita.mx<\/strong> \ud83c\udf93<br data-start=\"225\" data-end=\"228\" \/>\u00a1Comparte este gran logro con estilo y elegancia!<\/p>\n<p data-start=\"279\" data-end=\"455\">En <strong data-start=\"282\" data-end=\"296\">pandita.mx<\/strong> dise\u00f1amos <strong data-start=\"307\" data-end=\"352\">invitaciones de graduaci\u00f3n personalizadas<\/strong> con un hermoso dise\u00f1o de <strong data-start=\"378\" data-end=\"389\">birrete<\/strong> que simboliza el cierre de una etapa y el inicio de nuevas metas.<\/p>\n<p data-start=\"457\" data-end=\"656\">Incluye:<br data-start=\"465\" data-end=\"468\" \/>\ud83d\udd8b\ufe0f <strong data-start=\"472\" data-end=\"527\">Nombre del alumno y datos del evento personalizados<\/strong><br data-start=\"527\" data-end=\"530\" \/>\ud83c\udfa8 <strong data-start=\"533\" data-end=\"581\">Colores acordes a tu ceremonia de graduaci\u00f3n<\/strong><br data-start=\"581\" data-end=\"584\" \/>\ud83c\udf93 Ilustraci\u00f3n destacada de birrete en un dise\u00f1o moderno y profesional<\/p>\n<p data-start=\"658\" data-end=\"766\">Perfecta para entregar a familiares, amigos y seres queridos.<br data-start=\"719\" data-end=\"722\" \/>Disponible en formato <strong data-start=\"744\" data-end=\"765\">digital o impreso<\/strong>.<\/p>\n<p data-start=\"768\" data-end=\"853\">\ud83d\udce9 \u00a1Haz que cada invitado sienta la emoci\u00f3n de este gran d\u00eda desde el primer momento!<\/p>\n<p data-start=\"855\" data-end=\"890\">\u2728 Disponible solo en <strong data-start=\"876\" data-end=\"890\">pandita.mx<\/strong><\/p>\n","protected":false},"excerpt":{"rendered":"<p>\ud83c\udf93 Invitaci\u00f3n de Graduaci\u00f3n con Dise\u00f1o de Birrete \u2013 pandita.mx \ud83c\udf93\u00a1Comparte este gran logro con estilo y elegancia! En pandita.mx dise\u00f1amos invitaciones de graduaci\u00f3n personalizadas con un hermoso dise\u00f1o de birrete que simboliza el cierre de una etapa y el inicio de nuevas metas. Incluye:\ud83d\udd8b\ufe0f Nombre del alumno y datos del evento personalizados\ud83c\udfa8 Colores acordes [&hellip;]<\/p>\n","protected":false},"featured_media":36995,"comment_status":"open","ping_status":"closed","template":"","meta":{"_et_pb_use_builder":"","_et_pb_old_content":"","_et_gb_content_width":""},"product_cat":[230],"product_tag":[],"class_list":{"0":"post-37001","1":"product","2":"type-product","3":"status-publish","4":"has-post-thumbnail","6":"product_cat-08_graduacion","8":"first","9":"instock","10":"shipping-taxable","11":"purchasable","12":"product-type-simple"},"_links":{"self":[{"href":"https:\/\/pandita.mx\/index.php\/wp-json\/wp\/v2\/product\/37001","targetHints":{"allow":["GET"]}}],"collection":[{"href":"https:\/\/pandita.mx\/index.php\/wp-json\/wp\/v2\/product"}],"about":[{"href":"https:\/\/pandita.mx\/index.php\/wp-json\/wp\/v2\/types\/product"}],"replies":[{"embeddable":true,"href":"https:\/\/pandita.mx\/index.php\/wp-json\/wp\/v2\/comments?post=37001"}],"wp:featuredmedia":[{"embeddable":true,"href":"https:\/\/pandita.mx\/index.php\/wp-json\/wp\/v2\/media\/36995"}],"wp:attachment":[{"href":"https:\/\/pandita.mx\/index.php\/wp-json\/wp\/v2\/media?parent=37001"}],"wp:term":[{"taxonomy":"product_cat","embeddable":true,"href":"https:\/\/pandita.mx\/index.php\/wp-json\/wp\/v2\/product_cat?post=37001"},{"taxonomy":"product_tag","embeddable":true,"href":"https:\/\/pandita.mx\/index.php\/wp-json\/wp\/v2\/product_tag?post=37001"}],"curies":[{"name":"wp","href":"https:\/\/api.w.org\/{rel}","templated":true}]}}