{"id":36446,"date":"2025-05-17T06:41:11","date_gmt":"2025-05-17T04:41:11","guid":{"rendered":"https:\/\/pandita.mx\/?post_type=product&#038;p=36446"},"modified":"2025-05-17T06:50:45","modified_gmt":"2025-05-17T04:50:45","slug":"la-bestia-anterior","status":"publish","type":"product","link":"https:\/\/pandita.mx\/index.php\/producto\/la-bestia-anterior\/","title":{"rendered":"La Bestia anterior"},"content":{"rendered":"<h3 style=\"text-align: left;\" data-start=\"191\" data-end=\"532\"><a href=\"https:\/\/drive.google.com\/file\/d\/1vxI8mj1mYXov_MVQTUcqXwcUNK4iqsrT\/view?usp=drive_link\">Leer Libro<\/a><\/h3>\n<p class=\"\" data-start=\"191\" data-end=\"532\">Todos conocen la historia: un pr\u00edncipe arrogante fue maldecido y transformado en una terrible bestia. Pero, \u00bfqu\u00e9 lo llev\u00f3 a ganarse tal castigo? En <em data-start=\"339\" data-end=\"350\">La Bestia<\/em>, Serena Valentino desvela el lado oculto del cuento cl\u00e1sico, revelando los secretos, traiciones y decisiones que convirtieron a un joven soberano en una criatura.<\/p>\n<p>&nbsp;<\/p>\n<p data-start=\"191\" data-end=\"532\">\n","protected":false},"excerpt":{"rendered":"<p>Leer Libro Todos conocen la historia: un pr\u00edncipe arrogante fue maldecido y transformado en una terrible bestia. Pero, \u00bfqu\u00e9 lo llev\u00f3 a ganarse tal castigo? En La Bestia, Serena Valentino desvela el lado oculto del cuento cl\u00e1sico, revelando los secretos, traiciones y decisiones que convirtieron a un joven soberano en una criatura. &nbsp;<\/p>\n","protected":false},"featured_media":36451,"comment_status":"open","ping_status":"closed","template":"","meta":{"_et_pb_use_builder":"","_et_pb_old_content":"","_et_gb_content_width":""},"product_cat":[223],"product_tag":[],"class_list":{"0":"post-36446","1":"product","2":"type-product","3":"status-publish","4":"has-post-thumbnail","6":"product_cat-00_libros","8":"first","9":"instock","10":"shipping-taxable","11":"product-type-simple"},"_links":{"self":[{"href":"https:\/\/pandita.mx\/index.php\/wp-json\/wp\/v2\/product\/36446","targetHints":{"allow":["GET"]}}],"collection":[{"href":"https:\/\/pandita.mx\/index.php\/wp-json\/wp\/v2\/product"}],"about":[{"href":"https:\/\/pandita.mx\/index.php\/wp-json\/wp\/v2\/types\/product"}],"replies":[{"embeddable":true,"href":"https:\/\/pandita.mx\/index.php\/wp-json\/wp\/v2\/comments?post=36446"}],"wp:featuredmedia":[{"embeddable":true,"href":"https:\/\/pandita.mx\/index.php\/wp-json\/wp\/v2\/media\/36451"}],"wp:attachment":[{"href":"https:\/\/pandita.mx\/index.php\/wp-json\/wp\/v2\/media?parent=36446"}],"wp:term":[{"taxonomy":"product_cat","embeddable":true,"href":"https:\/\/pandita.mx\/index.php\/wp-json\/wp\/v2\/product_cat?post=36446"},{"taxonomy":"product_tag","embeddable":true,"href":"https:\/\/pandita.mx\/index.php\/wp-json\/wp\/v2\/product_tag?post=36446"}],"curies":[{"name":"wp","href":"https:\/\/api.w.org\/{rel}","templated":true}]}}