{"id":36443,"date":"2025-05-17T06:36:34","date_gmt":"2025-05-17T04:36:34","guid":{"rendered":"https:\/\/pandita.mx\/?post_type=product&#038;p=36443"},"modified":"2025-05-17T06:36:34","modified_gmt":"2025-05-17T04:36:34","slug":"la-mas-bella-de-todas","status":"publish","type":"product","link":"https:\/\/pandita.mx\/index.php\/producto\/la-mas-bella-de-todas\/","title":{"rendered":"La m\u00e1s bella de todas"},"content":{"rendered":"<p>Antes de ser la Reina Malvada, fue una joven marcada por el rechazo y el deseo de ser amada. <em data-start=\"237\" data-end=\"260\">La m\u00e1s bella de todas<\/em> revela la tr\u00e1gica historia detr\u00e1s de la villana de Blancanieves, mostrando c\u00f3mo la obsesi\u00f3n por la belleza y el dolor del pasado pueden transformar a una mujer en un \u00edcono de maldad. Una mirada oscura y conmovedora al origen de una leyenda.<\/p>\n","protected":false},"excerpt":{"rendered":"<p>Antes de ser la Reina Malvada, fue una joven marcada por el rechazo y el deseo de ser amada. La m\u00e1s bella de todas revela la tr\u00e1gica historia detr\u00e1s de la villana de Blancanieves, mostrando c\u00f3mo la obsesi\u00f3n por la belleza y el dolor del pasado pueden transformar a una mujer en un \u00edcono de [&hellip;]<\/p>\n","protected":false},"featured_media":36441,"comment_status":"open","ping_status":"closed","template":"","meta":{"_et_pb_use_builder":"","_et_pb_old_content":"","_et_gb_content_width":""},"product_cat":[223],"product_tag":[],"class_list":{"0":"post-36443","1":"product","2":"type-product","3":"status-publish","4":"has-post-thumbnail","6":"product_cat-00_libros","8":"first","9":"instock","10":"shipping-taxable","11":"product-type-simple"},"_links":{"self":[{"href":"https:\/\/pandita.mx\/index.php\/wp-json\/wp\/v2\/product\/36443","targetHints":{"allow":["GET"]}}],"collection":[{"href":"https:\/\/pandita.mx\/index.php\/wp-json\/wp\/v2\/product"}],"about":[{"href":"https:\/\/pandita.mx\/index.php\/wp-json\/wp\/v2\/types\/product"}],"replies":[{"embeddable":true,"href":"https:\/\/pandita.mx\/index.php\/wp-json\/wp\/v2\/comments?post=36443"}],"wp:featuredmedia":[{"embeddable":true,"href":"https:\/\/pandita.mx\/index.php\/wp-json\/wp\/v2\/media\/36441"}],"wp:attachment":[{"href":"https:\/\/pandita.mx\/index.php\/wp-json\/wp\/v2\/media?parent=36443"}],"wp:term":[{"taxonomy":"product_cat","embeddable":true,"href":"https:\/\/pandita.mx\/index.php\/wp-json\/wp\/v2\/product_cat?post=36443"},{"taxonomy":"product_tag","embeddable":true,"href":"https:\/\/pandita.mx\/index.php\/wp-json\/wp\/v2\/product_tag?post=36443"}],"curies":[{"name":"wp","href":"https:\/\/api.w.org\/{rel}","templated":true}]}}