{"id":35413,"date":"2025-02-22T06:43:19","date_gmt":"2025-02-22T05:43:19","guid":{"rendered":"https:\/\/pandita.mx\/?post_type=product&#038;p=35413"},"modified":"2025-02-22T06:48:17","modified_gmt":"2025-02-22T05:48:17","slug":"girl-power-minnie","status":"publish","type":"product","link":"https:\/\/pandita.mx\/index.php\/producto\/girl-power-minnie\/","title":{"rendered":"Girl Power Minnie"},"content":{"rendered":"<p>\ud83d\udc51\ud83d\udcaa En pandita.mx, rinde homenaje a la fuerza y valent\u00eda femenina con nuestras playeras de las princesas de Disney en su versi\u00f3n Power Girl. Dise\u00f1os inspiradores con Ariel, Bella, Mul\u00e1n, Rapunzel y m\u00e1s, representando determinaci\u00f3n, independencia y empoderamiento. \u00a1Celebra el D\u00eda Internacional de la Mujer con estilo y magia solo en pandita.mx! \u2728\ud83d\udd25\ud83d\udc9c #GirlPower<\/p>\n","protected":false},"excerpt":{"rendered":"<p>\ud83d\udc51\ud83d\udcaa En pandita.mx, rinde homenaje a la fuerza y valent\u00eda femenina con nuestras playeras de las princesas de Disney en su versi\u00f3n Power Girl. Dise\u00f1os inspiradores con Ariel, Bella, Mul\u00e1n, Rapunzel y m\u00e1s, representando determinaci\u00f3n, independencia y empoderamiento. \u00a1Celebra el D\u00eda Internacional de la Mujer con estilo y magia solo en pandita.mx! \u2728\ud83d\udd25\ud83d\udc9c #GirlPower<\/p>\n","protected":false},"featured_media":35375,"comment_status":"open","ping_status":"closed","template":"","meta":{"_et_pb_use_builder":"","_et_pb_old_content":"","_et_gb_content_width":""},"product_cat":[216,220],"product_tag":[],"class_list":{"0":"post-35413","1":"product","2":"type-product","3":"status-publish","4":"has-post-thumbnail","6":"product_cat-00_03destacados","7":"product_cat-03_girl-power-princes","9":"first","10":"instock","11":"shipping-taxable","12":"purchasable","13":"product-type-variable"},"_links":{"self":[{"href":"https:\/\/pandita.mx\/index.php\/wp-json\/wp\/v2\/product\/35413","targetHints":{"allow":["GET"]}}],"collection":[{"href":"https:\/\/pandita.mx\/index.php\/wp-json\/wp\/v2\/product"}],"about":[{"href":"https:\/\/pandita.mx\/index.php\/wp-json\/wp\/v2\/types\/product"}],"replies":[{"embeddable":true,"href":"https:\/\/pandita.mx\/index.php\/wp-json\/wp\/v2\/comments?post=35413"}],"wp:featuredmedia":[{"embeddable":true,"href":"https:\/\/pandita.mx\/index.php\/wp-json\/wp\/v2\/media\/35375"}],"wp:attachment":[{"href":"https:\/\/pandita.mx\/index.php\/wp-json\/wp\/v2\/media?parent=35413"}],"wp:term":[{"taxonomy":"product_cat","embeddable":true,"href":"https:\/\/pandita.mx\/index.php\/wp-json\/wp\/v2\/product_cat?post=35413"},{"taxonomy":"product_tag","embeddable":true,"href":"https:\/\/pandita.mx\/index.php\/wp-json\/wp\/v2\/product_tag?post=35413"}],"curies":[{"name":"wp","href":"https:\/\/api.w.org\/{rel}","templated":true}]}}