{"id":35304,"date":"2025-02-22T06:31:10","date_gmt":"2025-02-22T05:31:10","guid":{"rendered":"https:\/\/pandita.mx\/?post_type=product&#038;p=35304"},"modified":"2025-02-22T06:34:25","modified_gmt":"2025-02-22T05:34:25","slug":"girl-power-kitty-cruela","status":"publish","type":"product","link":"https:\/\/pandita.mx\/index.php\/producto\/girl-power-kitty-cruela\/","title":{"rendered":"Girl Power Kitty Cruela"},"content":{"rendered":"<p>\ud83d\udcaa En pandita.mx, celebra el D\u00eda Internacional de la Mujer con nuestras playeras de Hello Kitty en versi\u00f3n superhero\u00edna. Dise\u00f1os llenos de poder y ternura que representan la fuerza, valent\u00eda y determinaci\u00f3n de todas las mujeres. \u00a1Luce con orgullo tu lado heroico y cute solo en pandita.mx! \ud83c\udf80\u2728\ud83d\udd25 #GirlPower<\/p>\n","protected":false},"excerpt":{"rendered":"<p>\ud83d\udcaa En pandita.mx, celebra el D\u00eda Internacional de la Mujer con nuestras playeras de Hello Kitty en versi\u00f3n superhero\u00edna. Dise\u00f1os llenos de poder y ternura que representan la fuerza, valent\u00eda y determinaci\u00f3n de todas las mujeres. \u00a1Luce con orgullo tu lado heroico y cute solo en pandita.mx! \ud83c\udf80\u2728\ud83d\udd25 #GirlPower<\/p>\n","protected":false},"featured_media":35288,"comment_status":"open","ping_status":"closed","template":"","meta":{"_et_pb_use_builder":"","_et_pb_old_content":"","_et_gb_content_width":""},"product_cat":[216,219],"product_tag":[],"class_list":{"0":"post-35304","1":"product","2":"type-product","3":"status-publish","4":"has-post-thumbnail","6":"product_cat-00_03destacados","7":"product_cat-03_girl-power-kitty","9":"first","10":"instock","11":"shipping-taxable","12":"purchasable","13":"product-type-variable"},"_links":{"self":[{"href":"https:\/\/pandita.mx\/index.php\/wp-json\/wp\/v2\/product\/35304","targetHints":{"allow":["GET"]}}],"collection":[{"href":"https:\/\/pandita.mx\/index.php\/wp-json\/wp\/v2\/product"}],"about":[{"href":"https:\/\/pandita.mx\/index.php\/wp-json\/wp\/v2\/types\/product"}],"replies":[{"embeddable":true,"href":"https:\/\/pandita.mx\/index.php\/wp-json\/wp\/v2\/comments?post=35304"}],"wp:featuredmedia":[{"embeddable":true,"href":"https:\/\/pandita.mx\/index.php\/wp-json\/wp\/v2\/media\/35288"}],"wp:attachment":[{"href":"https:\/\/pandita.mx\/index.php\/wp-json\/wp\/v2\/media?parent=35304"}],"wp:term":[{"taxonomy":"product_cat","embeddable":true,"href":"https:\/\/pandita.mx\/index.php\/wp-json\/wp\/v2\/product_cat?post=35304"},{"taxonomy":"product_tag","embeddable":true,"href":"https:\/\/pandita.mx\/index.php\/wp-json\/wp\/v2\/product_tag?post=35304"}],"curies":[{"name":"wp","href":"https:\/\/api.w.org\/{rel}","templated":true}]}}