{"id":35146,"date":"2025-02-22T04:49:25","date_gmt":"2025-02-22T03:49:25","guid":{"rendered":"https:\/\/pandita.mx\/?post_type=product&#038;p=35146"},"modified":"2025-02-22T04:52:52","modified_gmt":"2025-02-22T03:52:52","slug":"san-judas","status":"publish","type":"product","link":"https:\/\/pandita.mx\/index.php\/producto\/san-judas\/","title":{"rendered":"San Judas"},"content":{"rendered":"<p>\ud83d\udfe2\u2728 En pandita.mx, muestra tu devoci\u00f3n con nuestras exclusivas playeras de San Judas Tadeo, el santo de las causas dif\u00edciles. Dise\u00f1os impactantes con detalles en dorado y verde, reflejando fe, esperanza y protecci\u00f3n. \u00a1Lleva contigo su fuerza y bendici\u00f3n solo en pandita.mx! \ud83d\ude4f\ud83d\udd25<\/p>\n","protected":false},"excerpt":{"rendered":"<p>\ud83d\udfe2\u2728 En pandita.mx, muestra tu devoci\u00f3n con nuestras exclusivas playeras de San Judas Tadeo, el santo de las causas dif\u00edciles. Dise\u00f1os impactantes con detalles en dorado y verde, reflejando fe, esperanza y protecci\u00f3n. \u00a1Lleva contigo su fuerza y bendici\u00f3n solo en pandita.mx! \ud83d\ude4f\ud83d\udd25<\/p>\n","protected":false},"featured_media":35080,"comment_status":"open","ping_status":"closed","template":"","meta":{"_et_pb_use_builder":"","_et_pb_old_content":"","_et_gb_content_width":""},"product_cat":[218],"product_tag":[],"class_list":{"0":"post-35146","1":"product","2":"type-product","3":"status-publish","4":"has-post-thumbnail","6":"product_cat-03_san-judas","8":"first","9":"instock","10":"shipping-taxable","11":"purchasable","12":"product-type-variable"},"_links":{"self":[{"href":"https:\/\/pandita.mx\/index.php\/wp-json\/wp\/v2\/product\/35146","targetHints":{"allow":["GET"]}}],"collection":[{"href":"https:\/\/pandita.mx\/index.php\/wp-json\/wp\/v2\/product"}],"about":[{"href":"https:\/\/pandita.mx\/index.php\/wp-json\/wp\/v2\/types\/product"}],"replies":[{"embeddable":true,"href":"https:\/\/pandita.mx\/index.php\/wp-json\/wp\/v2\/comments?post=35146"}],"wp:featuredmedia":[{"embeddable":true,"href":"https:\/\/pandita.mx\/index.php\/wp-json\/wp\/v2\/media\/35080"}],"wp:attachment":[{"href":"https:\/\/pandita.mx\/index.php\/wp-json\/wp\/v2\/media?parent=35146"}],"wp:term":[{"taxonomy":"product_cat","embeddable":true,"href":"https:\/\/pandita.mx\/index.php\/wp-json\/wp\/v2\/product_cat?post=35146"},{"taxonomy":"product_tag","embeddable":true,"href":"https:\/\/pandita.mx\/index.php\/wp-json\/wp\/v2\/product_tag?post=35146"}],"curies":[{"name":"wp","href":"https:\/\/api.w.org\/{rel}","templated":true}]}}