{"id":34997,"date":"2025-02-22T04:27:07","date_gmt":"2025-02-22T03:27:07","guid":{"rendered":"https:\/\/pandita.mx\/?post_type=product&#038;p=34997"},"modified":"2025-02-22T04:28:33","modified_gmt":"2025-02-22T03:28:33","slug":"joshua-flame","status":"publish","type":"product","link":"https:\/\/pandita.mx\/index.php\/producto\/joshua-flame\/","title":{"rendered":"Joshua Flame"},"content":{"rendered":"<p>\ud83e\udd81\u2728 En pandita.mx, lleva la fuerza y valent\u00eda de Josu\u00e9 con un poderoso le\u00f3n en nuestras exclusivas playeras. Un dise\u00f1o imponente que representa liderazgo, fe y determinaci\u00f3n, perfecto para quienes enfrentan sus batallas con coraje. \u00a1V\u00edstete con poder y convicci\u00f3n solo en pandita.mx! \ud83d\udcaa\ud83d\udd25<\/p>\n","protected":false},"excerpt":{"rendered":"<p>\ud83e\udd81\u2728 En pandita.mx, lleva la fuerza y valent\u00eda de Josu\u00e9 con un poderoso le\u00f3n en nuestras exclusivas playeras. Un dise\u00f1o imponente que representa liderazgo, fe y determinaci\u00f3n, perfecto para quienes enfrentan sus batallas con coraje. \u00a1V\u00edstete con poder y convicci\u00f3n solo en pandita.mx! \ud83d\udcaa\ud83d\udd25<\/p>\n","protected":false},"featured_media":34890,"comment_status":"open","ping_status":"closed","template":"","meta":{"_et_pb_use_builder":"","_et_pb_old_content":"","_et_gb_content_width":""},"product_cat":[215],"product_tag":[],"class_list":{"0":"post-34997","1":"product","2":"type-product","3":"status-publish","4":"has-post-thumbnail","6":"product_cat-03_joshua","8":"first","9":"instock","10":"shipping-taxable","11":"purchasable","12":"product-type-variable"},"_links":{"self":[{"href":"https:\/\/pandita.mx\/index.php\/wp-json\/wp\/v2\/product\/34997","targetHints":{"allow":["GET"]}}],"collection":[{"href":"https:\/\/pandita.mx\/index.php\/wp-json\/wp\/v2\/product"}],"about":[{"href":"https:\/\/pandita.mx\/index.php\/wp-json\/wp\/v2\/types\/product"}],"replies":[{"embeddable":true,"href":"https:\/\/pandita.mx\/index.php\/wp-json\/wp\/v2\/comments?post=34997"}],"wp:featuredmedia":[{"embeddable":true,"href":"https:\/\/pandita.mx\/index.php\/wp-json\/wp\/v2\/media\/34890"}],"wp:attachment":[{"href":"https:\/\/pandita.mx\/index.php\/wp-json\/wp\/v2\/media?parent=34997"}],"wp:term":[{"taxonomy":"product_cat","embeddable":true,"href":"https:\/\/pandita.mx\/index.php\/wp-json\/wp\/v2\/product_cat?post=34997"},{"taxonomy":"product_tag","embeddable":true,"href":"https:\/\/pandita.mx\/index.php\/wp-json\/wp\/v2\/product_tag?post=34997"}],"curies":[{"name":"wp","href":"https:\/\/api.w.org\/{rel}","templated":true}]}}