{"id":34850,"date":"2025-02-17T20:33:23","date_gmt":"2025-02-17T19:33:23","guid":{"rendered":"https:\/\/pandita.mx\/?post_type=product&#038;p=34850"},"modified":"2025-02-17T20:34:35","modified_gmt":"2025-02-17T19:34:35","slug":"santiago-de-compostela","status":"publish","type":"product","link":"https:\/\/pandita.mx\/index.php\/producto\/santiago-de-compostela\/","title":{"rendered":"Santiago de Compostela"},"content":{"rendered":"<p>\ud83d\ude4f\ud83c\udf38 En pandita.mx, celebra la \u00e9poca de Pascua con nuestras playeras de santitos y virgencitas en dise\u00f1os llenos de color y devoci\u00f3n. Encuentra representaciones de Diosito, la Virgen de Guadalupe, la Virgen de F\u00e1tima, la Virgen del Carmen, San Judas Tadeo, San Francisco de As\u00eds, Santo Ni\u00f1o de Atocha y m\u00e1s. \u00a1Expresa tu fe con estilo solo en pandita.mx! \u2728\ud83d\udc96<\/p>\n","protected":false},"excerpt":{"rendered":"<p>\ud83d\ude4f\ud83c\udf38 En pandita.mx, celebra la \u00e9poca de Pascua con nuestras playeras de santitos y virgencitas en dise\u00f1os llenos de color y devoci\u00f3n. Encuentra representaciones de Diosito, la Virgen de Guadalupe, la Virgen de F\u00e1tima, la Virgen del Carmen, San Judas Tadeo, San Francisco de As\u00eds, Santo Ni\u00f1o de Atocha y m\u00e1s. \u00a1Expresa tu fe con [&hellip;]<\/p>\n","protected":false},"featured_media":34644,"comment_status":"open","ping_status":"closed","template":"","meta":{"_et_pb_use_builder":"","_et_pb_old_content":"","_et_gb_content_width":""},"product_cat":[214],"product_tag":[],"class_list":{"0":"post-34850","1":"product","2":"type-product","3":"status-publish","4":"has-post-thumbnail","6":"product_cat-03_santitos","8":"first","9":"instock","10":"shipping-taxable","11":"purchasable","12":"product-type-variable"},"_links":{"self":[{"href":"https:\/\/pandita.mx\/index.php\/wp-json\/wp\/v2\/product\/34850","targetHints":{"allow":["GET"]}}],"collection":[{"href":"https:\/\/pandita.mx\/index.php\/wp-json\/wp\/v2\/product"}],"about":[{"href":"https:\/\/pandita.mx\/index.php\/wp-json\/wp\/v2\/types\/product"}],"replies":[{"embeddable":true,"href":"https:\/\/pandita.mx\/index.php\/wp-json\/wp\/v2\/comments?post=34850"}],"wp:featuredmedia":[{"embeddable":true,"href":"https:\/\/pandita.mx\/index.php\/wp-json\/wp\/v2\/media\/34644"}],"wp:attachment":[{"href":"https:\/\/pandita.mx\/index.php\/wp-json\/wp\/v2\/media?parent=34850"}],"wp:term":[{"taxonomy":"product_cat","embeddable":true,"href":"https:\/\/pandita.mx\/index.php\/wp-json\/wp\/v2\/product_cat?post=34850"},{"taxonomy":"product_tag","embeddable":true,"href":"https:\/\/pandita.mx\/index.php\/wp-json\/wp\/v2\/product_tag?post=34850"}],"curies":[{"name":"wp","href":"https:\/\/api.w.org\/{rel}","templated":true}]}}