{"id":3460,"date":"2024-08-31T08:48:18","date_gmt":"2024-08-31T06:48:18","guid":{"rendered":"https:\/\/pandita.mx\/?post_type=product&#038;p=3460"},"modified":"2024-08-31T08:50:06","modified_gmt":"2024-08-31T06:50:06","slug":"radiohead","status":"publish","type":"product","link":"https:\/\/pandita.mx\/index.php\/producto\/radiohead\/","title":{"rendered":"RadioHead"},"content":{"rendered":"<h2>Con\u00e9ctate con la atm\u00f3sfera \u00fanica de Radiohead con nuestra playera exclusiva del concierto! \ud83c\udfb8\ud83c\udf0c Inspirada en cl\u00e1sicos como \u2018Creep\u2019 y \u2018Karma Police<\/h2>\n","protected":false},"excerpt":{"rendered":"<p>Con\u00e9ctate con la atm\u00f3sfera \u00fanica de Radiohead con nuestra playera exclusiva del concierto! \ud83c\udfb8\ud83c\udf0c Inspirada en cl\u00e1sicos como \u2018Creep\u2019 y \u2018Karma Police<\/p>\n","protected":false},"featured_media":2895,"comment_status":"open","ping_status":"closed","template":"","meta":{"_et_pb_use_builder":"","_et_pb_old_content":"","_et_gb_content_width":""},"product_cat":[89,90],"product_tag":[],"class_list":{"0":"post-3460","1":"product","2":"type-product","3":"status-publish","4":"has-post-thumbnail","6":"product_cat-artista-del-momento","7":"product_cat-musica-destacada","8":"pa_color-blanco","9":"pa_color-negro","11":"first","12":"instock","13":"shipping-taxable","14":"purchasable","15":"product-type-variable"},"_links":{"self":[{"href":"https:\/\/pandita.mx\/index.php\/wp-json\/wp\/v2\/product\/3460","targetHints":{"allow":["GET"]}}],"collection":[{"href":"https:\/\/pandita.mx\/index.php\/wp-json\/wp\/v2\/product"}],"about":[{"href":"https:\/\/pandita.mx\/index.php\/wp-json\/wp\/v2\/types\/product"}],"replies":[{"embeddable":true,"href":"https:\/\/pandita.mx\/index.php\/wp-json\/wp\/v2\/comments?post=3460"}],"wp:featuredmedia":[{"embeddable":true,"href":"https:\/\/pandita.mx\/index.php\/wp-json\/wp\/v2\/media\/2895"}],"wp:attachment":[{"href":"https:\/\/pandita.mx\/index.php\/wp-json\/wp\/v2\/media?parent=3460"}],"wp:term":[{"taxonomy":"product_cat","embeddable":true,"href":"https:\/\/pandita.mx\/index.php\/wp-json\/wp\/v2\/product_cat?post=3460"},{"taxonomy":"product_tag","embeddable":true,"href":"https:\/\/pandita.mx\/index.php\/wp-json\/wp\/v2\/product_tag?post=3460"}],"curies":[{"name":"wp","href":"https:\/\/api.w.org\/{rel}","templated":true}]}}