{"id":33920,"date":"2025-02-10T05:05:21","date_gmt":"2025-02-10T04:05:21","guid":{"rendered":"https:\/\/pandita.mx\/?post_type=product&#038;p=33920"},"modified":"2025-02-10T05:07:51","modified_gmt":"2025-02-10T04:07:51","slug":"gym-super-hero-roshi-2","status":"publish","type":"product","link":"https:\/\/pandita.mx\/index.php\/producto\/gym-super-hero-roshi-2\/","title":{"rendered":"Gym Super Hero Roshi"},"content":{"rendered":"<p>\ud83e\uddb8\u200d\u2642\ufe0f\ud83d\udcaa En pandita.mx, entrena como un verdadero h\u00e9roe (o villano) con nuestras playeras de superh\u00e9roes y villanos en el gimnasio. Dise\u00f1os \u00e9picos con Batman, Superman, Spider-Man, Hulk, Venom y m\u00e1s, levantando pesas con frases como \u00abModo bestia activado\u00bb, \u00abSin sacrificio no hay victoria\u00bb y \u00abLos d\u00e9biles se quedan en casa\u00bb. \u00a1Rompe tus l\u00edmites con estilo solo en pandita.mx! \ud83c\udfcb\ufe0f\u200d\u2642\ufe0f\ud83d\udd25<\/p>\n","protected":false},"excerpt":{"rendered":"<p>\ud83e\uddb8\u200d\u2642\ufe0f\ud83d\udcaa En pandita.mx, entrena como un verdadero h\u00e9roe (o villano) con nuestras playeras de superh\u00e9roes y villanos en el gimnasio. Dise\u00f1os \u00e9picos con Batman, Superman, Spider-Man, Hulk, Venom y m\u00e1s, levantando pesas con frases como \u00abModo bestia activado\u00bb, \u00abSin sacrificio no hay victoria\u00bb y \u00abLos d\u00e9biles se quedan en casa\u00bb. \u00a1Rompe tus l\u00edmites con estilo [&hellip;]<\/p>\n","protected":false},"featured_media":32533,"comment_status":"open","ping_status":"closed","template":"","meta":{"_et_pb_use_builder":"","_et_pb_old_content":"","_et_gb_content_width":""},"product_cat":[210],"product_tag":[],"class_list":{"0":"post-33920","1":"product","2":"type-product","3":"status-publish","4":"has-post-thumbnail","6":"product_cat-gym-superhero","8":"first","9":"instock","10":"shipping-taxable","11":"purchasable","12":"product-type-variable"},"_links":{"self":[{"href":"https:\/\/pandita.mx\/index.php\/wp-json\/wp\/v2\/product\/33920","targetHints":{"allow":["GET"]}}],"collection":[{"href":"https:\/\/pandita.mx\/index.php\/wp-json\/wp\/v2\/product"}],"about":[{"href":"https:\/\/pandita.mx\/index.php\/wp-json\/wp\/v2\/types\/product"}],"replies":[{"embeddable":true,"href":"https:\/\/pandita.mx\/index.php\/wp-json\/wp\/v2\/comments?post=33920"}],"wp:featuredmedia":[{"embeddable":true,"href":"https:\/\/pandita.mx\/index.php\/wp-json\/wp\/v2\/media\/32533"}],"wp:attachment":[{"href":"https:\/\/pandita.mx\/index.php\/wp-json\/wp\/v2\/media?parent=33920"}],"wp:term":[{"taxonomy":"product_cat","embeddable":true,"href":"https:\/\/pandita.mx\/index.php\/wp-json\/wp\/v2\/product_cat?post=33920"},{"taxonomy":"product_tag","embeddable":true,"href":"https:\/\/pandita.mx\/index.php\/wp-json\/wp\/v2\/product_tag?post=33920"}],"curies":[{"name":"wp","href":"https:\/\/api.w.org\/{rel}","templated":true}]}}