{"id":33487,"date":"2025-02-10T04:10:17","date_gmt":"2025-02-10T03:10:17","guid":{"rendered":"https:\/\/pandita.mx\/?post_type=product&#038;p=33487"},"modified":"2025-02-10T04:22:16","modified_gmt":"2025-02-10T03:22:16","slug":"gym-skulls-saque-pr","status":"publish","type":"product","link":"https:\/\/pandita.mx\/index.php\/producto\/gym-skulls-saque-pr\/","title":{"rendered":"Gym Skulls Saque PR"},"content":{"rendered":"<p>\ud83d\udc80\ud83d\udcaa En pandita.mx, entrena como una verdadera m\u00e1quina con nuestras playeras de esqueletos ultra musculosos d\u00e1ndolo todo en el gimnasio. Dise\u00f1os \u00e9picos con frases como \u00abSin miedo a la barra\u00bb, \u00abModo bestia activado\u00bb, \u00abLevanta pesado o vete a casa\u00bb y \u00abDolor es progreso\u00bb. \u00a1Rompe l\u00edmites y entrena con actitud solo en pandita.mx! \ud83d\udd25\ud83c\udfcb\ufe0f\u200d\u2642\ufe0f<\/p>\n","protected":false},"excerpt":{"rendered":"<p>\ud83d\udc80\ud83d\udcaa En pandita.mx, entrena como una verdadera m\u00e1quina con nuestras playeras de esqueletos ultra musculosos d\u00e1ndolo todo en el gimnasio. Dise\u00f1os \u00e9picos con frases como \u00abSin miedo a la barra\u00bb, \u00abModo bestia activado\u00bb, \u00abLevanta pesado o vete a casa\u00bb y \u00abDolor es progreso\u00bb. \u00a1Rompe l\u00edmites y entrena con actitud solo en pandita.mx! \ud83d\udd25\ud83c\udfcb\ufe0f\u200d\u2642\ufe0f<\/p>\n","protected":false},"featured_media":32501,"comment_status":"open","ping_status":"closed","template":"","meta":{"_et_pb_use_builder":"","_et_pb_old_content":"","_et_gb_content_width":""},"product_cat":[207],"product_tag":[],"class_list":{"0":"post-33487","1":"product","2":"type-product","3":"status-publish","4":"has-post-thumbnail","6":"product_cat-gym-skulls","8":"first","9":"instock","10":"shipping-taxable","11":"purchasable","12":"product-type-variable"},"_links":{"self":[{"href":"https:\/\/pandita.mx\/index.php\/wp-json\/wp\/v2\/product\/33487","targetHints":{"allow":["GET"]}}],"collection":[{"href":"https:\/\/pandita.mx\/index.php\/wp-json\/wp\/v2\/product"}],"about":[{"href":"https:\/\/pandita.mx\/index.php\/wp-json\/wp\/v2\/types\/product"}],"replies":[{"embeddable":true,"href":"https:\/\/pandita.mx\/index.php\/wp-json\/wp\/v2\/comments?post=33487"}],"wp:featuredmedia":[{"embeddable":true,"href":"https:\/\/pandita.mx\/index.php\/wp-json\/wp\/v2\/media\/32501"}],"wp:attachment":[{"href":"https:\/\/pandita.mx\/index.php\/wp-json\/wp\/v2\/media?parent=33487"}],"wp:term":[{"taxonomy":"product_cat","embeddable":true,"href":"https:\/\/pandita.mx\/index.php\/wp-json\/wp\/v2\/product_cat?post=33487"},{"taxonomy":"product_tag","embeddable":true,"href":"https:\/\/pandita.mx\/index.php\/wp-json\/wp\/v2\/product_tag?post=33487"}],"curies":[{"name":"wp","href":"https:\/\/api.w.org\/{rel}","templated":true}]}}