{"id":33332,"date":"2025-02-10T03:54:35","date_gmt":"2025-02-10T02:54:35","guid":{"rendered":"https:\/\/pandita.mx\/?post_type=product&#038;p=33332"},"modified":"2025-02-10T06:01:26","modified_gmt":"2025-02-10T05:01:26","slug":"gym-my-melody-red","status":"publish","type":"product","link":"https:\/\/pandita.mx\/index.php\/producto\/gym-my-melody-red\/","title":{"rendered":"Gym My Melody Red"},"content":{"rendered":"<p>\ud83c\udf80\ud83d\udcaa En pandita.mx, lleva la ternura y la fuerza al siguiente nivel con nuestras playeras de Sanrio y sus amigos en modo gym. Dise\u00f1os \u00e9picos con Hello Kitty, Kuromi, My Melody y m\u00e1s, levantando pesas con frases como \u00abKawaii pero fuerte\u00bb, \u00abModo bestia activado\u00bb y \u00abEntreno con estilo\u00bb. \u00a1Demuestra tu poder adorable solo en pandita.mx! \ud83c\udfcb\ufe0f\u200d\u2642\ufe0f\ud83d\udd25\u2728<\/p>\n","protected":false},"excerpt":{"rendered":"<p>\ud83c\udf80\ud83d\udcaa En pandita.mx, lleva la ternura y la fuerza al siguiente nivel con nuestras playeras de Sanrio y sus amigos en modo gym. Dise\u00f1os \u00e9picos con Hello Kitty, Kuromi, My Melody y m\u00e1s, levantando pesas con frases como \u00abKawaii pero fuerte\u00bb, \u00abModo bestia activado\u00bb y \u00abEntreno con estilo\u00bb. \u00a1Demuestra tu poder adorable solo en pandita.mx! [&hellip;]<\/p>\n","protected":false},"featured_media":32479,"comment_status":"open","ping_status":"closed","template":"","meta":{"_et_pb_use_builder":"","_et_pb_old_content":"","_et_gb_content_width":""},"product_cat":[212,213],"product_tag":[],"class_list":{"0":"post-33332","1":"product","2":"type-product","3":"status-publish","4":"has-post-thumbnail","6":"product_cat-gym-destacados","7":"product_cat-gym-kitty","9":"first","10":"instock","11":"shipping-taxable","12":"purchasable","13":"product-type-variable"},"_links":{"self":[{"href":"https:\/\/pandita.mx\/index.php\/wp-json\/wp\/v2\/product\/33332","targetHints":{"allow":["GET"]}}],"collection":[{"href":"https:\/\/pandita.mx\/index.php\/wp-json\/wp\/v2\/product"}],"about":[{"href":"https:\/\/pandita.mx\/index.php\/wp-json\/wp\/v2\/types\/product"}],"replies":[{"embeddable":true,"href":"https:\/\/pandita.mx\/index.php\/wp-json\/wp\/v2\/comments?post=33332"}],"wp:featuredmedia":[{"embeddable":true,"href":"https:\/\/pandita.mx\/index.php\/wp-json\/wp\/v2\/media\/32479"}],"wp:attachment":[{"href":"https:\/\/pandita.mx\/index.php\/wp-json\/wp\/v2\/media?parent=33332"}],"wp:term":[{"taxonomy":"product_cat","embeddable":true,"href":"https:\/\/pandita.mx\/index.php\/wp-json\/wp\/v2\/product_cat?post=33332"},{"taxonomy":"product_tag","embeddable":true,"href":"https:\/\/pandita.mx\/index.php\/wp-json\/wp\/v2\/product_tag?post=33332"}],"curies":[{"name":"wp","href":"https:\/\/api.w.org\/{rel}","templated":true}]}}