{"id":33102,"date":"2025-02-09T23:02:07","date_gmt":"2025-02-09T22:02:07","guid":{"rendered":"https:\/\/pandita.mx\/?post_type=product&#038;p=33102"},"modified":"2025-02-10T05:24:36","modified_gmt":"2025-02-10T04:24:36","slug":"gym-cartoon-homero","status":"publish","type":"product","link":"https:\/\/pandita.mx\/index.php\/producto\/gym-cartoon-homero\/","title":{"rendered":"Gym Cartoon Homero"},"content":{"rendered":"<p>\ud83c\udfad\ud83c\udfcb\ufe0f\u200d\u2642\ufe0f En pandita.mx, lleva la diversi\u00f3n al gimnasio con nuestras playeras de personajes cartoon entrenando con todo. Dise\u00f1os llenos de energ\u00eda con frases como \u00abSaca m\u00fasculo, no excusas\u00bb, \u00abC\u00f3mic gains activados\u00bb y \u00abEntreno para mi episodio de relleno\u00bb. \u00a1Haz del gym un show animado y entrena con estilo solo en pandita.mx! \ud83d\udcaa\ud83d\udd25<\/p>\n","protected":false},"excerpt":{"rendered":"<p>\ud83c\udfad\ud83c\udfcb\ufe0f\u200d\u2642\ufe0f En pandita.mx, lleva la diversi\u00f3n al gimnasio con nuestras playeras de personajes cartoon entrenando con todo. Dise\u00f1os llenos de energ\u00eda con frases como \u00abSaca m\u00fasculo, no excusas\u00bb, \u00abC\u00f3mic gains activados\u00bb y \u00abEntreno para mi episodio de relleno\u00bb. \u00a1Haz del gym un show animado y entrena con estilo solo en pandita.mx! \ud83d\udcaa\ud83d\udd25<\/p>\n","protected":false},"featured_media":32578,"comment_status":"open","ping_status":"closed","template":"","meta":{"_et_pb_use_builder":"","_et_pb_old_content":"","_et_gb_content_width":""},"product_cat":[212,208],"product_tag":[],"class_list":{"0":"post-33102","1":"product","2":"type-product","3":"status-publish","4":"has-post-thumbnail","6":"product_cat-gym-destacados","7":"product_cat-gym-cartoon","9":"first","10":"instock","11":"shipping-taxable","12":"purchasable","13":"product-type-variable"},"_links":{"self":[{"href":"https:\/\/pandita.mx\/index.php\/wp-json\/wp\/v2\/product\/33102","targetHints":{"allow":["GET"]}}],"collection":[{"href":"https:\/\/pandita.mx\/index.php\/wp-json\/wp\/v2\/product"}],"about":[{"href":"https:\/\/pandita.mx\/index.php\/wp-json\/wp\/v2\/types\/product"}],"replies":[{"embeddable":true,"href":"https:\/\/pandita.mx\/index.php\/wp-json\/wp\/v2\/comments?post=33102"}],"wp:featuredmedia":[{"embeddable":true,"href":"https:\/\/pandita.mx\/index.php\/wp-json\/wp\/v2\/media\/32578"}],"wp:attachment":[{"href":"https:\/\/pandita.mx\/index.php\/wp-json\/wp\/v2\/media?parent=33102"}],"wp:term":[{"taxonomy":"product_cat","embeddable":true,"href":"https:\/\/pandita.mx\/index.php\/wp-json\/wp\/v2\/product_cat?post=33102"},{"taxonomy":"product_tag","embeddable":true,"href":"https:\/\/pandita.mx\/index.php\/wp-json\/wp\/v2\/product_tag?post=33102"}],"curies":[{"name":"wp","href":"https:\/\/api.w.org\/{rel}","templated":true}]}}