{"id":33016,"date":"2025-02-09T22:12:32","date_gmt":"2025-02-09T21:12:32","guid":{"rendered":"https:\/\/pandita.mx\/?post_type=product&#038;p=33016"},"modified":"2025-02-09T22:39:25","modified_gmt":"2025-02-09T21:39:25","slug":"gym-calaca-peso-70-copia","status":"publish","type":"product","link":"https:\/\/pandita.mx\/index.php\/producto\/gym-calaca-peso-70-copia\/","title":{"rendered":"Gym Calaca Peso 70 (copia)"},"content":{"rendered":"<p>\ud83d\udc80\ud83c\udfcb\ufe0f\u200d\u2642\ufe0f En pandita.mx, entrena hasta los huesos con nuestras playeras de calaveras en el gimnasio. Dise\u00f1os \u00e9picos con frases cl\u00e1sicas como \u00abNo pain, no gain\u00bb, \u00abLevanta o lamenta\u00bb y \u00abModo bestia activado\u00bb. \u00a1Demuestra que ni la muerte te detiene y entrena con actitud solo en pandita.mx! \ud83d\udd25\ud83d\udcaa<\/p>\n","protected":false},"excerpt":{"rendered":"<p>\ud83d\udc80\ud83c\udfcb\ufe0f\u200d\u2642\ufe0f En pandita.mx, entrena hasta los huesos con nuestras playeras de calaveras en el gimnasio. Dise\u00f1os \u00e9picos con frases cl\u00e1sicas como \u00abNo pain, no gain\u00bb, \u00abLevanta o lamenta\u00bb y \u00abModo bestia activado\u00bb. \u00a1Demuestra que ni la muerte te detiene y entrena con actitud solo en pandita.mx! \ud83d\udd25\ud83d\udcaa<\/p>\n","protected":false},"featured_media":32440,"comment_status":"open","ping_status":"closed","template":"","meta":{"_et_pb_use_builder":"","_et_pb_old_content":"","_et_gb_content_width":""},"product_cat":[205],"product_tag":[],"class_list":{"0":"post-33016","1":"product","2":"type-product","3":"status-publish","4":"has-post-thumbnail","6":"product_cat-gym-bestia-mode","8":"first","9":"instock","10":"shipping-taxable","11":"purchasable","12":"product-type-variable"},"_links":{"self":[{"href":"https:\/\/pandita.mx\/index.php\/wp-json\/wp\/v2\/product\/33016","targetHints":{"allow":["GET"]}}],"collection":[{"href":"https:\/\/pandita.mx\/index.php\/wp-json\/wp\/v2\/product"}],"about":[{"href":"https:\/\/pandita.mx\/index.php\/wp-json\/wp\/v2\/types\/product"}],"replies":[{"embeddable":true,"href":"https:\/\/pandita.mx\/index.php\/wp-json\/wp\/v2\/comments?post=33016"}],"wp:featuredmedia":[{"embeddable":true,"href":"https:\/\/pandita.mx\/index.php\/wp-json\/wp\/v2\/media\/32440"}],"wp:attachment":[{"href":"https:\/\/pandita.mx\/index.php\/wp-json\/wp\/v2\/media?parent=33016"}],"wp:term":[{"taxonomy":"product_cat","embeddable":true,"href":"https:\/\/pandita.mx\/index.php\/wp-json\/wp\/v2\/product_cat?post=33016"},{"taxonomy":"product_tag","embeddable":true,"href":"https:\/\/pandita.mx\/index.php\/wp-json\/wp\/v2\/product_tag?post=33016"}],"curies":[{"name":"wp","href":"https:\/\/api.w.org\/{rel}","templated":true}]}}