{"id":32662,"date":"2025-02-09T21:14:29","date_gmt":"2025-02-09T20:14:29","guid":{"rendered":"https:\/\/pandita.mx\/?post_type=product&#038;p=32662"},"modified":"2025-02-09T21:16:18","modified_gmt":"2025-02-09T20:16:18","slug":"bull-gym-ahora","status":"publish","type":"product","link":"https:\/\/pandita.mx\/index.php\/producto\/bull-gym-ahora\/","title":{"rendered":"Bull Gym Ahora"},"content":{"rendered":"<p>\ud83d\udc3a\ud83d\udcaa En pandita.mx, desata tu modo bestia con nuestras playeras de animales furiosos entrenando en el gimnasio. Dise\u00f1os llenos de fuerza y energ\u00eda con lobos, osos, tigres y gorilas en su m\u00e1xima potencia, listos para romper l\u00edmites. \u00a1Entrena con actitud y demuestra tu poder con estas playeras \u00e9picas solo en pandita.mx! \ud83d\udd25\ud83c\udfcb\ufe0f\u200d\u2642\ufe0f<\/p>\n","protected":false},"excerpt":{"rendered":"<p>\ud83d\udc3a\ud83d\udcaa En pandita.mx, desata tu modo bestia con nuestras playeras de animales furiosos entrenando en el gimnasio. Dise\u00f1os llenos de fuerza y energ\u00eda con lobos, osos, tigres y gorilas en su m\u00e1xima potencia, listos para romper l\u00edmites. \u00a1Entrena con actitud y demuestra tu poder con estas playeras \u00e9picas solo en pandita.mx! \ud83d\udd25\ud83c\udfcb\ufe0f\u200d\u2642\ufe0f<\/p>\n","protected":false},"featured_media":32394,"comment_status":"open","ping_status":"closed","template":"","meta":{"_et_pb_use_builder":"","_et_pb_old_content":"","_et_gb_content_width":""},"product_cat":[205],"product_tag":[],"class_list":{"0":"post-32662","1":"product","2":"type-product","3":"status-publish","4":"has-post-thumbnail","6":"product_cat-gym-bestia-mode","8":"first","9":"instock","10":"shipping-taxable","11":"purchasable","12":"product-type-variable"},"_links":{"self":[{"href":"https:\/\/pandita.mx\/index.php\/wp-json\/wp\/v2\/product\/32662","targetHints":{"allow":["GET"]}}],"collection":[{"href":"https:\/\/pandita.mx\/index.php\/wp-json\/wp\/v2\/product"}],"about":[{"href":"https:\/\/pandita.mx\/index.php\/wp-json\/wp\/v2\/types\/product"}],"replies":[{"embeddable":true,"href":"https:\/\/pandita.mx\/index.php\/wp-json\/wp\/v2\/comments?post=32662"}],"wp:featuredmedia":[{"embeddable":true,"href":"https:\/\/pandita.mx\/index.php\/wp-json\/wp\/v2\/media\/32394"}],"wp:attachment":[{"href":"https:\/\/pandita.mx\/index.php\/wp-json\/wp\/v2\/media?parent=32662"}],"wp:term":[{"taxonomy":"product_cat","embeddable":true,"href":"https:\/\/pandita.mx\/index.php\/wp-json\/wp\/v2\/product_cat?post=32662"},{"taxonomy":"product_tag","embeddable":true,"href":"https:\/\/pandita.mx\/index.php\/wp-json\/wp\/v2\/product_tag?post=32662"}],"curies":[{"name":"wp","href":"https:\/\/api.w.org\/{rel}","templated":true}]}}