{"id":32654,"date":"2025-02-09T05:30:02","date_gmt":"2025-02-09T04:30:02","guid":{"rendered":"https:\/\/pandita.mx\/?post_type=product&#038;p=32654"},"modified":"2025-02-09T05:31:54","modified_gmt":"2025-02-09T04:31:54","slug":"minnie-alicia","status":"publish","type":"product","link":"https:\/\/pandita.mx\/index.php\/producto\/minnie-alicia\/","title":{"rendered":"Minnie Alicia"},"content":{"rendered":"<p>\ud83c\udf80\ud83c\udccf En pandita.mx, descubre la magia de Minnie Mouse con un toque de fantas\u00eda en nuestras exclusivas playeras. Con un dise\u00f1o encantador donde Minnie luce el ic\u00f3nico vestido de Alicia en el Pa\u00eds de las Maravillas, estas playeras son perfectas para los fans de Disney y los cuentos cl\u00e1sicos. \u00a1Lleva contigo este estilo m\u00e1gico solo en pandita.mx! \u2728\ud83d\udc2d\u2660\ufe0f<\/p>\n","protected":false},"excerpt":{"rendered":"<p>\ud83c\udf80\ud83c\udccf En pandita.mx, descubre la magia de Minnie Mouse con un toque de fantas\u00eda en nuestras exclusivas playeras. Con un dise\u00f1o encantador donde Minnie luce el ic\u00f3nico vestido de Alicia en el Pa\u00eds de las Maravillas, estas playeras son perfectas para los fans de Disney y los cuentos cl\u00e1sicos. \u00a1Lleva contigo este estilo m\u00e1gico solo [&hellip;]<\/p>\n","protected":false},"featured_media":32079,"comment_status":"open","ping_status":"closed","template":"","meta":{"_et_pb_use_builder":"","_et_pb_old_content":"","_et_gb_content_width":""},"product_cat":[48],"product_tag":[],"class_list":{"0":"post-32654","1":"product","2":"type-product","3":"status-publish","4":"has-post-thumbnail","6":"product_cat-mickey-mouse","8":"first","9":"instock","10":"shipping-taxable","11":"purchasable","12":"product-type-variable"},"_links":{"self":[{"href":"https:\/\/pandita.mx\/index.php\/wp-json\/wp\/v2\/product\/32654","targetHints":{"allow":["GET"]}}],"collection":[{"href":"https:\/\/pandita.mx\/index.php\/wp-json\/wp\/v2\/product"}],"about":[{"href":"https:\/\/pandita.mx\/index.php\/wp-json\/wp\/v2\/types\/product"}],"replies":[{"embeddable":true,"href":"https:\/\/pandita.mx\/index.php\/wp-json\/wp\/v2\/comments?post=32654"}],"wp:featuredmedia":[{"embeddable":true,"href":"https:\/\/pandita.mx\/index.php\/wp-json\/wp\/v2\/media\/32079"}],"wp:attachment":[{"href":"https:\/\/pandita.mx\/index.php\/wp-json\/wp\/v2\/media?parent=32654"}],"wp:term":[{"taxonomy":"product_cat","embeddable":true,"href":"https:\/\/pandita.mx\/index.php\/wp-json\/wp\/v2\/product_cat?post=32654"},{"taxonomy":"product_tag","embeddable":true,"href":"https:\/\/pandita.mx\/index.php\/wp-json\/wp\/v2\/product_tag?post=32654"}],"curies":[{"name":"wp","href":"https:\/\/api.w.org\/{rel}","templated":true}]}}