{"id":32630,"date":"2025-02-09T05:29:07","date_gmt":"2025-02-09T04:29:07","guid":{"rendered":"https:\/\/pandita.mx\/?post_type=product&#038;p=32630"},"modified":"2025-02-09T05:35:18","modified_gmt":"2025-02-09T04:35:18","slug":"barth-simpson-kirby","status":"publish","type":"product","link":"https:\/\/pandita.mx\/index.php\/producto\/barth-simpson-kirby\/","title":{"rendered":"Barth Simpson Kirby"},"content":{"rendered":"<p>\ud83c\udf69\u2b50 En pandita.mx, descubre la combinaci\u00f3n m\u00e1s inesperada con nuestras exclusivas playeras de Bart Simpson personificando a Kirby. Un dise\u00f1o divertido que fusiona la rebeld\u00eda de Bart con el encanto de la bola rosa m\u00e1s poderosa de los videojuegos. \u00a1Luce este crossover \u00e9pico solo en pandita.mx! \ud83c\udfae\ud83d\udd25<\/p>\n","protected":false},"excerpt":{"rendered":"<p>\ud83c\udf69\u2b50 En pandita.mx, descubre la combinaci\u00f3n m\u00e1s inesperada con nuestras exclusivas playeras de Bart Simpson personificando a Kirby. Un dise\u00f1o divertido que fusiona la rebeld\u00eda de Bart con el encanto de la bola rosa m\u00e1s poderosa de los videojuegos. \u00a1Luce este crossover \u00e9pico solo en pandita.mx! \ud83c\udfae\ud83d\udd25<\/p>\n","protected":false},"featured_media":32103,"comment_status":"open","ping_status":"closed","template":"","meta":{"_et_pb_use_builder":"","_et_pb_old_content":"","_et_gb_content_width":""},"product_cat":[52],"product_tag":[],"class_list":{"0":"post-32630","1":"product","2":"type-product","3":"status-publish","4":"has-post-thumbnail","6":"product_cat-simpson","8":"first","9":"instock","10":"shipping-taxable","11":"purchasable","12":"product-type-variable"},"_links":{"self":[{"href":"https:\/\/pandita.mx\/index.php\/wp-json\/wp\/v2\/product\/32630","targetHints":{"allow":["GET"]}}],"collection":[{"href":"https:\/\/pandita.mx\/index.php\/wp-json\/wp\/v2\/product"}],"about":[{"href":"https:\/\/pandita.mx\/index.php\/wp-json\/wp\/v2\/types\/product"}],"replies":[{"embeddable":true,"href":"https:\/\/pandita.mx\/index.php\/wp-json\/wp\/v2\/comments?post=32630"}],"wp:featuredmedia":[{"embeddable":true,"href":"https:\/\/pandita.mx\/index.php\/wp-json\/wp\/v2\/media\/32103"}],"wp:attachment":[{"href":"https:\/\/pandita.mx\/index.php\/wp-json\/wp\/v2\/media?parent=32630"}],"wp:term":[{"taxonomy":"product_cat","embeddable":true,"href":"https:\/\/pandita.mx\/index.php\/wp-json\/wp\/v2\/product_cat?post=32630"},{"taxonomy":"product_tag","embeddable":true,"href":"https:\/\/pandita.mx\/index.php\/wp-json\/wp\/v2\/product_tag?post=32630"}],"curies":[{"name":"wp","href":"https:\/\/api.w.org\/{rel}","templated":true}]}}