{"id":32622,"date":"2025-02-09T05:28:49","date_gmt":"2025-02-09T04:28:49","guid":{"rendered":"https:\/\/pandita.mx\/?post_type=product&#038;p=32622"},"modified":"2025-02-09T05:30:43","modified_gmt":"2025-02-09T04:30:43","slug":"homero-bross","status":"publish","type":"product","link":"https:\/\/pandita.mx\/index.php\/producto\/homero-bross\/","title":{"rendered":"Homero Bross"},"content":{"rendered":"<p>\ud83c\udf69\ud83c\udfae En pandita.mx, disfruta de la fusi\u00f3n perfecta entre Homero Simpson y el mundo de Mario Bros con nuestras exclusivas playeras. Dise\u00f1os divertidos que combinan el ic\u00f3nico look de Homero con los cl\u00e1sicos elementos del Reino Champi\u00f1\u00f3n. \u00a1Lleva contigo este homenaje geek y muestra tu estilo \u00fanico solo en pandita.mx! \ud83c\udf55\ud83d\udd25<\/p>\n","protected":false},"excerpt":{"rendered":"<p>\ud83c\udf69\ud83c\udfae En pandita.mx, disfruta de la fusi\u00f3n perfecta entre Homero Simpson y el mundo de Mario Bros con nuestras exclusivas playeras. Dise\u00f1os divertidos que combinan el ic\u00f3nico look de Homero con los cl\u00e1sicos elementos del Reino Champi\u00f1\u00f3n. \u00a1Lleva contigo este homenaje geek y muestra tu estilo \u00fanico solo en pandita.mx! \ud83c\udf55\ud83d\udd25<\/p>\n","protected":false},"featured_media":32078,"comment_status":"open","ping_status":"closed","template":"","meta":{"_et_pb_use_builder":"","_et_pb_old_content":"","_et_gb_content_width":""},"product_cat":[52],"product_tag":[],"class_list":{"0":"post-32622","1":"product","2":"type-product","3":"status-publish","4":"has-post-thumbnail","6":"product_cat-simpson","8":"first","9":"instock","10":"shipping-taxable","11":"purchasable","12":"product-type-variable"},"_links":{"self":[{"href":"https:\/\/pandita.mx\/index.php\/wp-json\/wp\/v2\/product\/32622","targetHints":{"allow":["GET"]}}],"collection":[{"href":"https:\/\/pandita.mx\/index.php\/wp-json\/wp\/v2\/product"}],"about":[{"href":"https:\/\/pandita.mx\/index.php\/wp-json\/wp\/v2\/types\/product"}],"replies":[{"embeddable":true,"href":"https:\/\/pandita.mx\/index.php\/wp-json\/wp\/v2\/comments?post=32622"}],"wp:featuredmedia":[{"embeddable":true,"href":"https:\/\/pandita.mx\/index.php\/wp-json\/wp\/v2\/media\/32078"}],"wp:attachment":[{"href":"https:\/\/pandita.mx\/index.php\/wp-json\/wp\/v2\/media?parent=32622"}],"wp:term":[{"taxonomy":"product_cat","embeddable":true,"href":"https:\/\/pandita.mx\/index.php\/wp-json\/wp\/v2\/product_cat?post=32622"},{"taxonomy":"product_tag","embeddable":true,"href":"https:\/\/pandita.mx\/index.php\/wp-json\/wp\/v2\/product_tag?post=32622"}],"curies":[{"name":"wp","href":"https:\/\/api.w.org\/{rel}","templated":true}]}}